{"id":6810,"date":"2021-04-28T09:50:56","date_gmt":"2021-04-28T07:50:56","guid":{"rendered":"https:\/\/www.post-lermoos.at\/post-for-you\/newsletter\/"},"modified":"2025-10-25T17:34:01","modified_gmt":"2025-10-25T15:34:01","slug":"newsletter","status":"publish","type":"page","link":"https:\/\/dev.post-lermoos.at\/en\/post-for-you\/newsletter\/","title":{"rendered":"newsletter"},"content":{"rendered":"<p>[et_pb_section fb_built=&#8221;1&#8243; fullwidth=&#8221;on&#8221; admin_label=&#8221;Slider Header Subpage Section&#8221; module_class=&#8221;dwHeaderSlideContainer&#8221; _builder_version=&#8221;4.9.0&#8243; _module_preset=&#8221;default&#8221; global_module=&#8221;3097&#8243; saved_tabs=&#8221;all&#8221;][et_pb_fullwidth_code admin_label=&#8221;Fullwidth Slider Subpage&#8221; _builder_version=&#8221;4.9.0&#8243; _module_preset=&#8221;default&#8221;]\n\t\t\t\t<p class=\"rs-p-wp-fix\"><\/p>\n\t\t\t\t<sr7-module data-alias=\"hotel-post-Subpage\" data-id=\"10\" id=\"SR7_10_1\" class=\"rs-ov-hidden\" data-version=\"6.7.54\">\n\t\t\t\t\t<sr7-adjuster><\/sr7-adjuster>\n\t\t\t\t\t<sr7-content>\n\t\t\t\t\t\t<sr7-slide id=\"SR7_10_1-117STR1\" data-key=\"117STR1\">\n\t\t\t\t\t\t\t<h1 id=\"SR7_10_1-117STR1-2\" class=\"sr7-layer\"><span class=\"dwSliderHead dwSliderLine1\">Hotel Post<\/span><br \/><span class=\"dwSliderHead dwSliderLine2\">newsletter<\/span><\/h1>\n\t\t\t\t\t\t<\/sr7-slide>\n\t\t\t\t\t\t<sr7-slide id=\"SR7_10_1-180\" data-key=\"180\">\n\t\t\t\t\t\t<\/sr7-slide>\n\t\t\t\t\t<\/sr7-content>\n\t\t\t\t\t<image_lists style=\"display:none\">\n\t\t\t\t\t\t<img data-src=\"\/\/www.post-lermoos.at\/wp-content\/uploads\/layout\/header\/start\/post_lermoos_0118-3321-scaled.jpg\" data-libid=\"9063\" data-lib=\"medialibrary\" alt=\"Dampfender Pool vor Haus im Winter\" title=\"post_lermoos_0118-3321\" width=\"0\" height=\"0\" data-dbsrc=\"Ly93d3cucG9zdC1sZXJtb29zLmF0L3dwLWNvbnRlbnQvdXBsb2Fkcy9sYXlvdXQvaGVhZGVyL3N0YXJ0L3Bvc3RfbGVybW9vc18wMTE4LTMzMjEtc2NhbGVkLmpwZw==\"\/>\n\t\t\t\t\t\t<img data-src=\"\/\/dev.post-lermoos.at\/wp-content\/uploads\/bilder\/bildergalerie\/hotelpostlermoos-zigarrenlounge-scaled.jpg\" width=\"0\" height=\"0\" data-dbsrc=\"Ly9kZXYucG9zdC1sZXJtb29zLmF0L3dwLWNvbnRlbnQvdXBsb2Fkcy9iaWxkZXIvYmlsZGVyZ2FsZXJpZS9ob3RlbHBvc3RsZXJtb29zLXppZ2FycmVubG91bmdlLXNjYWxlZC5qcGc=\"\/>\n\t\t\t\t\t<\/image_lists>\n\t\t\t\t<\/sr7-module>\n\t\t\t\t<script>\n\t\t\t\t\twindow.SR7 ??={};SR7.PMH ??={}; SR7.PMH[\"SR7_10_1\"] = {cn:100,state:false,fn: function() { if (window._tpt!==undefined && window._tpt.prepareModuleHeight !== undefined) {  _tpt.prepareModuleHeight({id:\"SR7_10_1\",el:[900,900,900,900,720],type:'hero',shdw:'0',gh:[900,900,900,900,720],gw:[1240,1240,1240,1240,480],vpt:['-200px&#039;,&#039;-200px&#039;,&#039;-200px&#039;,&#039;-200px&#039;,&#039;-200px'],size:{fullWidth:true, fullHeight:true},fho:'',mh:'0',onh:0,onw:0,bg:{color:'{\"orig\":\"transparent\",\"type\":\"solid\",\"string\":\"transparent\"}'}});   SR7.PMH[\"SR7_10_1\"].state=true;} else if(SR7.PMH[\"SR7_10_1\"].cn-->0)\tsetTimeout( SR7.PMH[\"SR7_10_1\"].fn,19);}};SR7.PMH[\"SR7_10_1\" ].fn();\n\t\t\t\t<\/script>\n[\/et_pb_fullwidth_code][\/et_pb_section][et_pb_section fb_built=&#8221;1&#8243; _builder_version=&#8221;4.8.2&#8243; _module_preset=&#8221;default&#8221;][et_pb_row column_structure=&#8221;1_2,1_2&#8243; _builder_version=&#8221;4.8.2&#8243; _module_preset=&#8221;4bf8f618-74fe-4547-81e7-a70309dd37b7&#8243;][et_pb_column type=&#8221;1_2&#8243; _builder_version=&#8221;4.8.2&#8243; _module_preset=&#8221;default&#8221;][et_pb_text _builder_version=&#8221;4.8.2&#8243; _module_preset=&#8221;a71c5eaf-1af1-4b09-af75-c49a691cae43&#8243;]<\/p>\n<p>newsletter<\/p>\n<p>[\/et_pb_text][et_pb_text _builder_version=&#8221;4.8.2&#8243; _module_preset=&#8221;1753b941-c621-441e-9826-a3caf1458c58&#8243;]<\/p>\n<p>ALPINE LUXURY HOTEL, GOURMET &amp; SPA<br \/>Hotel Post****s &amp; Postschl\u00f6ssl<\/p>\n<p>[\/et_pb_text][\/et_pb_column][et_pb_column type=&#8221;1_2&#8243; _builder_version=&#8221;4.8.2&#8243; _module_preset=&#8221;default&#8221;][\/et_pb_column][\/et_pb_row][et_pb_row _builder_version=&#8221;4.9.0&#8243; _module_preset=&#8221;4bf8f618-74fe-4547-81e7-a70309dd37b7&#8243;][et_pb_column type=&#8221;4_4&#8243; _builder_version=&#8221;4.9.0&#8243; _module_preset=&#8221;default&#8221;][et_pb_code _builder_version=&#8221;4.9.4&#8243; _module_preset=&#8221;default&#8221; hover_enabled=&#8221;0&#8243; sticky_enabled=&#8221;0&#8243;]<iframe loading=\"lazy\" src=\"https:\/\/mailing.post-lermoos.at\/lists-en\/?p=subscribe&amp;id=1\" width=\"100%\" height=\"800px\"><!-- [et_pb_line_break_holder] -->  <!-- [et_pb_line_break_holder] --><\/iframe>[\/et_pb_code][\/et_pb_column][\/et_pb_row][\/et_pb_section]<\/p>\n","protected":false},"excerpt":{"rendered":"<p>\n\t\t\t\t<p class=\"rs-p-wp-fix\"><\/p>\n\t\t\t\t<sr7-module data-alias=\"hotel-post-Subpage\" data-id=\"10\" id=\"SR7_10_2\" class=\"rs-ov-hidden\" data-version=\"6.7.54\">\n\t\t\t\t\t<sr7-adjuster><\/sr7-adjuster>\n\t\t\t\t\t<sr7-content>\n\t\t\t\t\t\t<sr7-slide id=\"SR7_10_2-117STR1\" data-key=\"117STR1\">\n\t\t\t\t\t\t\t<h1 id=\"SR7_10_2-117STR1-2\" class=\"sr7-layer\"><span class=\"dwSliderHead dwSliderLine1\">Hotel Post<\/span><br \/><span class=\"dwSliderHead dwSliderLine2\">newsletter<\/span><\/h1>\n\t\t\t\t\t\t<\/sr7-slide>\n\t\t\t\t\t\t<sr7-slide id=\"SR7_10_2-180\" data-key=\"180\">\n\t\t\t\t\t\t<\/sr7-slide>\n\t\t\t\t\t<\/sr7-content>\n\t\t\t\t\t<image_lists style=\"display:none\">\n\t\t\t\t\t\t<img data-src=\"\/\/www.post-lermoos.at\/wp-content\/uploads\/layout\/header\/start\/post_lermoos_0118-3321-scaled.jpg\" data-libid=\"9063\" data-lib=\"medialibrary\" alt=\"Dampfender Pool vor Haus im Winter\" title=\"post_lermoos_0118-3321\" width=\"0\" height=\"0\" data-dbsrc=\"Ly93d3cucG9zdC1sZXJtb29zLmF0L3dwLWNvbnRlbnQvdXBsb2Fkcy9sYXlvdXQvaGVhZGVyL3N0YXJ0L3Bvc3RfbGVybW9vc18wMTE4LTMzMjEtc2NhbGVkLmpwZw==\"\/>\n\t\t\t\t\t\t<img data-src=\"\/\/dev.post-lermoos.at\/wp-content\/uploads\/bilder\/bildergalerie\/hotelpostlermoos-zigarrenlounge-scaled.jpg\" width=\"0\" height=\"0\" data-dbsrc=\"Ly9kZXYucG9zdC1sZXJtb29zLmF0L3dwLWNvbnRlbnQvdXBsb2Fkcy9iaWxkZXIvYmlsZGVyZ2FsZXJpZS9ob3RlbHBvc3RsZXJtb29zLXppZ2FycmVubG91bmdlLXNjYWxlZC5qcGc=\"\/>\n\t\t\t\t\t<\/image_lists>\n\t\t\t\t<\/sr7-module>\n\t\t\t\t<script>\n\t\t\t\t\twindow.SR7 ??={};SR7.PMH ??={}; SR7.PMH[\"SR7_10_2\"] = {cn:100,state:false,fn: function() { if (window._tpt!==undefined && window._tpt.prepareModuleHeight !== undefined) {  _tpt.prepareModuleHeight({id:\"SR7_10_2\",el:[900,900,900,900,720],type:'hero',shdw:'0',gh:[900,900,900,900,720],gw:[1240,1240,1240,1240,480],vpt:['-200px&#039;,&#039;-200px&#039;,&#039;-200px&#039;,&#039;-200px&#039;,&#039;-200px'],size:{fullWidth:true, fullHeight:true},fho:'',mh:'0',onh:0,onw:0,bg:{color:'{\"orig\":\"transparent\",\"type\":\"solid\",\"string\":\"transparent\"}'}});   SR7.PMH[\"SR7_10_2\"].state=true;} else if(SR7.PMH[\"SR7_10_2\"].cn-->0)\tsetTimeout( SR7.PMH[\"SR7_10_2\"].fn,19);}};SR7.PMH[\"SR7_10_2\" ].fn();\n\t\t\t\t<\/script>\nnewsletterALPINE LUXURY HOTEL, GOURMET &amp; SPAHotel Post****s &amp; Postschl\u00f6ssl<\/p>\n","protected":false},"author":7,"featured_media":20799,"parent":4812,"menu_order":213,"comment_status":"closed","ping_status":"closed","template":"","meta":{"_acf_changed":false,"_et_pb_use_builder":"on","_et_pb_old_content":"","_et_gb_content_width":"","inline_featured_image":false,"footnotes":""},"class_list":["post-6810","page","type-page","status-publish","has-post-thumbnail","hentry"],"acf":[],"yoast_head":"<!-- This site is optimized with the Yoast SEO plugin v27.5 - https:\/\/yoast.com\/product\/yoast-seo-wordpress\/ -->\n<title>Newsletter of the Hotel Post Lermoos in Tyrol<\/title>\n<meta name=\"description\" content=\"Subscribe now to the newsletter from your 4*s luxury Hotel Post Lermoos . Receive news, offers and stories about the hotel\" \/>\n<meta name=\"robots\" content=\"index, follow, max-snippet:-1, max-image-preview:large, max-video-preview:-1\" \/>\n<link rel=\"canonical\" href=\"https:\/\/dev.post-lermoos.at\/en\/post-for-you\/newsletter\/\" \/>\n<meta property=\"og:locale\" content=\"en_US\" \/>\n<meta property=\"og:type\" content=\"article\" \/>\n<meta property=\"og:title\" content=\"Newsletter of the Hotel Post Lermoos in Tyrol\" \/>\n<meta property=\"og:description\" content=\"Subscribe now to the newsletter from your 4*s luxury Hotel Post Lermoos . Receive news, offers and stories about the hotel\" \/>\n<meta property=\"og:url\" content=\"https:\/\/dev.post-lermoos.at\/en\/post-for-you\/newsletter\/\" \/>\n<meta property=\"og:site_name\" content=\"Hotel Post 4*s\" \/>\n<meta property=\"article:publisher\" content=\"https:\/\/www.facebook.com\/hotelpost.lermoos\" \/>\n<meta property=\"article:modified_time\" content=\"2025-10-25T15:34:01+00:00\" \/>\n<meta property=\"og:image\" content=\"https:\/\/dev.post-lermoos.at\/wp-content\/uploads\/bilder\/bildergalerie\/hotelpostlermoos-zigarrenlounge-scaled.jpg\" \/>\n\t<meta property=\"og:image:width\" content=\"2560\" \/>\n\t<meta property=\"og:image:height\" content=\"1709\" \/>\n\t<meta property=\"og:image:type\" content=\"image\/jpeg\" \/>\n<meta name=\"twitter:label1\" content=\"Est. reading time\" \/>\n\t<meta name=\"twitter:data1\" content=\"1 minute\" \/>\n<!-- \/ Yoast SEO plugin. -->","yoast_head_json":{"title":"Newsletter of the Hotel Post Lermoos in Tyrol","description":"Subscribe now to the newsletter from your 4*s luxury Hotel Post Lermoos . Receive news, offers and stories about the hotel","robots":{"index":"index","follow":"follow","max-snippet":"max-snippet:-1","max-image-preview":"max-image-preview:large","max-video-preview":"max-video-preview:-1"},"canonical":"https:\/\/dev.post-lermoos.at\/en\/post-for-you\/newsletter\/","og_locale":"en_US","og_type":"article","og_title":"Newsletter of the Hotel Post Lermoos in Tyrol","og_description":"Subscribe now to the newsletter from your 4*s luxury Hotel Post Lermoos . Receive news, offers and stories about the hotel","og_url":"https:\/\/dev.post-lermoos.at\/en\/post-for-you\/newsletter\/","og_site_name":"Hotel Post 4*s","article_publisher":"https:\/\/www.facebook.com\/hotelpost.lermoos","article_modified_time":"2025-10-25T15:34:01+00:00","og_image":[{"width":2560,"height":1709,"url":"https:\/\/dev.post-lermoos.at\/wp-content\/uploads\/bilder\/bildergalerie\/hotelpostlermoos-zigarrenlounge-scaled.jpg","type":"image\/jpeg"}],"twitter_misc":{"Est. reading time":"1 minute"},"schema":{"@context":"https:\/\/schema.org","@graph":[{"@type":"WebPage","@id":"https:\/\/dev.post-lermoos.at\/en\/post-for-you\/newsletter\/","url":"https:\/\/dev.post-lermoos.at\/en\/post-for-you\/newsletter\/","name":"Newsletter of the Hotel Post Lermoos in Tyrol","isPartOf":{"@id":"https:\/\/dev.post-lermoos.at\/en\/#website"},"primaryImageOfPage":{"@id":"https:\/\/dev.post-lermoos.at\/en\/post-for-you\/newsletter\/#primaryimage"},"image":{"@id":"https:\/\/dev.post-lermoos.at\/en\/post-for-you\/newsletter\/#primaryimage"},"thumbnailUrl":"https:\/\/dev.post-lermoos.at\/wp-content\/uploads\/bilder\/bildergalerie\/hotelpostlermoos-zigarrenlounge-scaled.jpg","datePublished":"2021-04-28T07:50:56+00:00","dateModified":"2025-10-25T15:34:01+00:00","description":"Subscribe now to the newsletter from your 4*s luxury Hotel Post Lermoos . Receive news, offers and stories about the hotel","breadcrumb":{"@id":"https:\/\/dev.post-lermoos.at\/en\/post-for-you\/newsletter\/#breadcrumb"},"inLanguage":"en-US","potentialAction":[{"@type":"ReadAction","target":["https:\/\/dev.post-lermoos.at\/en\/post-for-you\/newsletter\/"]}]},{"@type":"ImageObject","inLanguage":"en-US","@id":"https:\/\/dev.post-lermoos.at\/en\/post-for-you\/newsletter\/#primaryimage","url":"https:\/\/dev.post-lermoos.at\/wp-content\/uploads\/bilder\/bildergalerie\/hotelpostlermoos-zigarrenlounge-scaled.jpg","contentUrl":"https:\/\/dev.post-lermoos.at\/wp-content\/uploads\/bilder\/bildergalerie\/hotelpostlermoos-zigarrenlounge-scaled.jpg","width":2560,"height":1709,"caption":"Die Fotos d\u00fcrfen ausschlie\u00dflich f\u00fcr PR- und Marketingma\u00dfnahmen des \"Hotel POST - A-Lermoos - Tirol\" verwendet werden. Jegliche Nutzung Dritter ist mit dem Bildautor (www.guenterstandl.de) gesondert zu vereinbaren."},{"@type":"BreadcrumbList","@id":"https:\/\/dev.post-lermoos.at\/en\/post-for-you\/newsletter\/#breadcrumb","itemListElement":[{"@type":"ListItem","position":1,"name":"Home","item":"https:\/\/dev.post-lermoos.at\/en\/"},{"@type":"ListItem","position":2,"name":"Post for you","item":"https:\/\/dev.post-lermoos.at\/en\/post-for-you\/"},{"@type":"ListItem","position":3,"name":"newsletter"}]},{"@type":"WebSite","@id":"https:\/\/dev.post-lermoos.at\/en\/#website","url":"https:\/\/dev.post-lermoos.at\/en\/","name":"Hotel Post 4*s","description":"Alpine Luxury Gourmet &amp; SPA Post 4*s","publisher":{"@id":"https:\/\/dev.post-lermoos.at\/en\/#organization"},"potentialAction":[{"@type":"SearchAction","target":{"@type":"EntryPoint","urlTemplate":"https:\/\/dev.post-lermoos.at\/en\/?s={search_term_string}"},"query-input":{"@type":"PropertyValueSpecification","valueRequired":true,"valueName":"search_term_string"}}],"inLanguage":"en-US"},{"@type":"Organization","@id":"https:\/\/dev.post-lermoos.at\/en\/#organization","name":"ALPINE LUXURY HOTEL, GOURMET & SPA HOTEL POST****S & POSTSCHL\u00d6SSL","url":"https:\/\/dev.post-lermoos.at\/en\/","logo":{"@type":"ImageObject","inLanguage":"en-US","@id":"https:\/\/dev.post-lermoos.at\/en\/#\/schema\/logo\/image\/","url":"https:\/\/www.post-lermoos.at\/wp-content\/uploads\/layout\/icons\/logo.svg","contentUrl":"https:\/\/www.post-lermoos.at\/wp-content\/uploads\/layout\/icons\/logo.svg","width":"1024","height":"1024","caption":"ALPINE LUXURY HOTEL, GOURMET & SPA HOTEL POST****S & POSTSCHL\u00d6SSL"},"image":{"@id":"https:\/\/dev.post-lermoos.at\/en\/#\/schema\/logo\/image\/"},"sameAs":["https:\/\/www.facebook.com\/hotelpost.lermoos","https:\/\/instagram.com\/hotelpostlermoos"]}]}},"_links":{"self":[{"href":"https:\/\/dev.post-lermoos.at\/en\/wp-json\/wp\/v2\/pages\/6810","targetHints":{"allow":["GET"]}}],"collection":[{"href":"https:\/\/dev.post-lermoos.at\/en\/wp-json\/wp\/v2\/pages"}],"about":[{"href":"https:\/\/dev.post-lermoos.at\/en\/wp-json\/wp\/v2\/types\/page"}],"author":[{"embeddable":true,"href":"https:\/\/dev.post-lermoos.at\/en\/wp-json\/wp\/v2\/users\/7"}],"replies":[{"embeddable":true,"href":"https:\/\/dev.post-lermoos.at\/en\/wp-json\/wp\/v2\/comments?post=6810"}],"version-history":[{"count":17,"href":"https:\/\/dev.post-lermoos.at\/en\/wp-json\/wp\/v2\/pages\/6810\/revisions"}],"predecessor-version":[{"id":28062,"href":"https:\/\/dev.post-lermoos.at\/en\/wp-json\/wp\/v2\/pages\/6810\/revisions\/28062"}],"up":[{"embeddable":true,"href":"https:\/\/dev.post-lermoos.at\/en\/wp-json\/wp\/v2\/pages\/4812"}],"wp:featuredmedia":[{"embeddable":true,"href":"https:\/\/dev.post-lermoos.at\/en\/wp-json\/wp\/v2\/media\/20799"}],"wp:attachment":[{"href":"https:\/\/dev.post-lermoos.at\/en\/wp-json\/wp\/v2\/media?parent=6810"}],"curies":[{"name":"wp","href":"https:\/\/api.w.org\/{rel}","templated":true}]}}