{"id":6802,"date":"2021-04-28T09:47:05","date_gmt":"2021-04-28T07:47:05","guid":{"rendered":"https:\/\/www.post-lermoos.at\/search\/"},"modified":"2025-09-23T08:48:57","modified_gmt":"2025-09-23T06:48:57","slug":"search","status":"publish","type":"page","link":"https:\/\/dev.post-lermoos.at\/en\/search\/","title":{"rendered":"Search"},"content":{"rendered":"<p>[et_pb_section fb_built=&#8221;1&#8243; fullwidth=&#8221;on&#8221; admin_label=&#8221;Slider Header Subpage Section&#8221; module_class=&#8221;dwHeaderSlideContainer&#8221; _builder_version=&#8221;4.9.0&#8243; _module_preset=&#8221;default&#8221; global_module=&#8221;3097&#8243; saved_tabs=&#8221;all&#8221; global_colors_info=&#8221;{}&#8221;][et_pb_fullwidth_code admin_label=&#8221;Fullwidth Slider Subpage&#8221; _builder_version=&#8221;4.16&#8243; _module_preset=&#8221;default&#8221; global_colors_info=&#8221;{}&#8221;]\n\t\t\t\t<p class=\"rs-p-wp-fix\"><\/p>\n\t\t\t\t<sr7-module data-alias=\"hotel-post-Subpage\" data-id=\"10\" id=\"SR7_10_1\" class=\"rs-ov-hidden\" data-version=\"6.7.54\">\n\t\t\t\t\t<sr7-adjuster><\/sr7-adjuster>\n\t\t\t\t\t<sr7-content>\n\t\t\t\t\t\t<sr7-slide id=\"SR7_10_1-117STR1\" data-key=\"117STR1\">\n\t\t\t\t\t\t\t<h1 id=\"SR7_10_1-117STR1-2\" class=\"sr7-layer\"><span class=\"dwSliderHead dwSliderLine1\">Looking for something?<\/span><br \/><span class=\"dwSliderHead dwSliderLine2\">We will gladly find it for you<\/span><\/h1>\n\t\t\t\t\t\t<\/sr7-slide>\n\t\t\t\t\t\t<sr7-slide id=\"SR7_10_1-180\" data-key=\"180\">\n\t\t\t\t\t\t<\/sr7-slide>\n\t\t\t\t\t<\/sr7-content>\n\t\t\t\t\t<image_lists style=\"display:none\">\n\t\t\t\t\t\t<img data-src=\"\/\/www.post-lermoos.at\/wp-content\/uploads\/layout\/header\/start\/post_lermoos_0118-3321-scaled.jpg\" data-libid=\"9063\" data-lib=\"medialibrary\" alt=\"Dampfender Pool vor Haus im Winter\" title=\"post_lermoos_0118-3321\" width=\"0\" height=\"0\" data-dbsrc=\"Ly93d3cucG9zdC1sZXJtb29zLmF0L3dwLWNvbnRlbnQvdXBsb2Fkcy9sYXlvdXQvaGVhZGVyL3N0YXJ0L3Bvc3RfbGVybW9vc18wMTE4LTMzMjEtc2NhbGVkLmpwZw==\"\/>\n\t\t\t\t\t\t<img data-src=\"\/\/dev.post-lermoos.at\/wp-content\/uploads\/bilder\/karriere\/rest-team-alle.jpg\" width=\"0\" height=\"0\" data-dbsrc=\"Ly9kZXYucG9zdC1sZXJtb29zLmF0L3dwLWNvbnRlbnQvdXBsb2Fkcy9iaWxkZXIva2FycmllcmUvcmVzdC10ZWFtLWFsbGUuanBn\"\/>\n\t\t\t\t\t<\/image_lists>\n\t\t\t\t<\/sr7-module>\n\t\t\t\t<script>\n\t\t\t\t\twindow.SR7 ??={};SR7.PMH ??={}; SR7.PMH[\"SR7_10_1\"] = {cn:100,state:false,fn: function() { if (window._tpt!==undefined && window._tpt.prepareModuleHeight !== undefined) {  _tpt.prepareModuleHeight({id:\"SR7_10_1\",el:[900,900,900,900,720],type:'hero',shdw:'0',gh:[900,900,900,900,720],gw:[1240,1240,1240,1240,480],vpt:['-200px&#039;,&#039;-200px&#039;,&#039;-200px&#039;,&#039;-200px&#039;,&#039;-200px'],size:{fullWidth:true, fullHeight:true},fho:'',mh:'0',onh:0,onw:0,bg:{color:'{\"orig\":\"transparent\",\"type\":\"solid\",\"string\":\"transparent\"}'}});   SR7.PMH[\"SR7_10_1\"].state=true;} else if(SR7.PMH[\"SR7_10_1\"].cn-->0)\tsetTimeout( SR7.PMH[\"SR7_10_1\"].fn,19);}};SR7.PMH[\"SR7_10_1\" ].fn();\n\t\t\t\t<\/script>\n[\/et_pb_fullwidth_code][\/et_pb_section][et_pb_section fb_built=&#8221;1&#8243; _builder_version=&#8221;4.16&#8243; _module_preset=&#8221;default&#8221; global_colors_info=&#8221;{}&#8221;][et_pb_row column_structure=&#8221;1_2,1_2&#8243; _builder_version=&#8221;4.16&#8243; _module_preset=&#8221;4bf8f618-74fe-4547-81e7-a70309dd37b7&#8243; global_colors_info=&#8221;{}&#8221;][et_pb_column type=&#8221;1_2&#8243; _builder_version=&#8221;4.16&#8243; _module_preset=&#8221;default&#8221; global_colors_info=&#8221;{}&#8221;][et_pb_text _builder_version=&#8221;4.16&#8243; _module_preset=&#8221;a71c5eaf-1af1-4b09-af75-c49a691cae43&#8243; global_colors_info=&#8221;{}&#8221;]<\/p>\n<p>What can we look for for you?<\/p>\n<p>[\/et_pb_text][\/et_pb_column][et_pb_column type=&#8221;1_2&#8243; _builder_version=&#8221;4.16&#8243; _module_preset=&#8221;default&#8221; global_colors_info=&#8221;{}&#8221;][et_pb_text _builder_version=&#8221;4.16&#8243; _module_preset=&#8221;default&#8221; global_colors_info=&#8221;{}&#8221;]<\/p>\n<p>Our search function will find many answers on our website. If the search does not find what you are looking for, our reception team will be happy to help you &#8211; they really know all the answers.<\/p>\n<p>[\/et_pb_text][et_pb_text _builder_version=&#8221;4.16&#8243; _module_preset=&#8221;1753b941-c621-441e-9826-a3caf1458c58&#8243; global_colors_info=&#8221;{}&#8221;]<a href=\"tel:+43567322810\">Reception team +43\/5673\/2281-0<\/a>[\/et_pb_text][\/et_pb_column][\/et_pb_row][et_pb_row _builder_version=&#8221;4.16&#8243; _module_preset=&#8221;4bf8f618-74fe-4547-81e7-a70309dd37b7&#8243; min_height=&#8221;642.2px&#8221; global_colors_info=&#8221;{}&#8221;][et_pb_column type=&#8221;4_4&#8243; _builder_version=&#8221;4.16&#8243; _module_preset=&#8221;default&#8221; global_colors_info=&#8221;{}&#8221;][dipl_ajax_search search_placeholder=&#8221;Suchbegriff&#8221; include_post_types=&#8221;all&#8221; number_of_columns=&#8221;4&#8243; use_masonry=&#8221;on&#8221; search_result_box_bg_color=&#8221;#EDEDED&#8221; _builder_version=&#8221;4.16&#8243; _module_preset=&#8221;default&#8221; form_field_custom_padding=&#8221;15px|15px|15px|15px|true|true&#8221; border_width_all_form_field=&#8221;1px&#8221; border_color_all_form_field=&#8221;#EDEDED&#8221; global_colors_info=&#8221;{}&#8221;][\/dipl_ajax_search][\/et_pb_column][\/et_pb_row][\/et_pb_section]<\/p>\n","protected":false},"excerpt":{"rendered":"<p>\n\t\t\t\t<p class=\"rs-p-wp-fix\"><\/p>\n\t\t\t\t<sr7-module data-alias=\"hotel-post-Subpage\" data-id=\"10\" id=\"SR7_10_2\" class=\"rs-ov-hidden\" data-version=\"6.7.54\">\n\t\t\t\t\t<sr7-adjuster><\/sr7-adjuster>\n\t\t\t\t\t<sr7-content>\n\t\t\t\t\t\t<sr7-slide id=\"SR7_10_2-117STR1\" data-key=\"117STR1\">\n\t\t\t\t\t\t\t<h1 id=\"SR7_10_2-117STR1-2\" class=\"sr7-layer\"><span class=\"dwSliderHead dwSliderLine1\">Looking for something?<\/span><br \/><span class=\"dwSliderHead dwSliderLine2\">We will gladly find it for you<\/span><\/h1>\n\t\t\t\t\t\t<\/sr7-slide>\n\t\t\t\t\t\t<sr7-slide id=\"SR7_10_2-180\" data-key=\"180\">\n\t\t\t\t\t\t<\/sr7-slide>\n\t\t\t\t\t<\/sr7-content>\n\t\t\t\t\t<image_lists style=\"display:none\">\n\t\t\t\t\t\t<img data-src=\"\/\/www.post-lermoos.at\/wp-content\/uploads\/layout\/header\/start\/post_lermoos_0118-3321-scaled.jpg\" data-libid=\"9063\" data-lib=\"medialibrary\" alt=\"Dampfender Pool vor Haus im Winter\" title=\"post_lermoos_0118-3321\" width=\"0\" height=\"0\" data-dbsrc=\"Ly93d3cucG9zdC1sZXJtb29zLmF0L3dwLWNvbnRlbnQvdXBsb2Fkcy9sYXlvdXQvaGVhZGVyL3N0YXJ0L3Bvc3RfbGVybW9vc18wMTE4LTMzMjEtc2NhbGVkLmpwZw==\"\/>\n\t\t\t\t\t\t<img data-src=\"\/\/dev.post-lermoos.at\/wp-content\/uploads\/bilder\/karriere\/rest-team-alle.jpg\" width=\"0\" height=\"0\" data-dbsrc=\"Ly9kZXYucG9zdC1sZXJtb29zLmF0L3dwLWNvbnRlbnQvdXBsb2Fkcy9iaWxkZXIva2FycmllcmUvcmVzdC10ZWFtLWFsbGUuanBn\"\/>\n\t\t\t\t\t<\/image_lists>\n\t\t\t\t<\/sr7-module>\n\t\t\t\t<script>\n\t\t\t\t\twindow.SR7 ??={};SR7.PMH ??={}; SR7.PMH[\"SR7_10_2\"] = {cn:100,state:false,fn: function() { if (window._tpt!==undefined && window._tpt.prepareModuleHeight !== undefined) {  _tpt.prepareModuleHeight({id:\"SR7_10_2\",el:[900,900,900,900,720],type:'hero',shdw:'0',gh:[900,900,900,900,720],gw:[1240,1240,1240,1240,480],vpt:['-200px&#039;,&#039;-200px&#039;,&#039;-200px&#039;,&#039;-200px&#039;,&#039;-200px'],size:{fullWidth:true, fullHeight:true},fho:'',mh:'0',onh:0,onw:0,bg:{color:'{\"orig\":\"transparent\",\"type\":\"solid\",\"string\":\"transparent\"}'}});   SR7.PMH[\"SR7_10_2\"].state=true;} else if(SR7.PMH[\"SR7_10_2\"].cn-->0)\tsetTimeout( SR7.PMH[\"SR7_10_2\"].fn,19);}};SR7.PMH[\"SR7_10_2\" ].fn();\n\t\t\t\t<\/script>\nWhat can we look for for you?Our search function will find many answers on our website. If the search does not find what you are looking for, our reception team will be happy to help you &#8211; they really know all the answers.Reception team +43\/5673\/2281-0<div class=\"et_pb_with_border et_pb_module dipl_ajax_search dipl_ajax_search_0\">\n\t\t\t\t\n\t\t\t\t\n\t\t\t\t\n\t\t\t\t\n\t\t\t\t\n\t\t\t\t\n\t\t\t\t<div class=\"et_pb_module_inner\">\n\t\t\t\t\t<div class=\"dipl_ajax_search_wrap\">\n\t\t\t\t<div class=\"dipl_ajax_search_field_wrap dipl_ajax_search_icon\">\n\t\t\t\t\t<input type=\"search\" placeholder=\"&#8221;Suchbegriff&#8221;\" class=\"dipl_ajax_search_field\"\n\t\t\t\t\t\tdata-search-in=\"post_title,post_content,post_excerpt\" data-search-post-type=\"&#8221;all&#8221;\" data-display-fields=\"title,excerpt,featured_image\" \n\t\t\t\t\t\tdata-url-new-window=\"off\" data-number-of-results=\"10\" data-no-result-text=\"No results found\" \n\t\t\t\t\t\tdata-orderby=\"post_date\" data-order=\"DESC\" data-use-masonry=\"off\"\n\t\t\t\t\t\tdata-exclude_protected_posts=\"off\"\n\t\t\t\t\t\/>\n\t\t\t\t\t<input type=\"hidden\" class=\"dipl_ajax_search_nonce\" value=\"b58e1b329f\" \/>\n\t\t\t\t<\/div>\n\t\t\t\t<div class=\"dipl_ajax_search_results_wrap dipl_ajax_search_result_0_cols \"><\/div>\n\t\t\t<\/div>\n\t\t\t\t<\/div>\n\t\t\t<\/div><\/p>\n","protected":false},"author":7,"featured_media":5624,"parent":0,"menu_order":236,"comment_status":"closed","ping_status":"closed","template":"","meta":{"_acf_changed":false,"_et_pb_use_builder":"on","_et_pb_old_content":"","_et_gb_content_width":"","inline_featured_image":false,"footnotes":""},"class_list":["post-6802","page","type-page","status-publish","has-post-thumbnail","hentry"],"acf":[],"yoast_head":"<!-- This site is optimized with the Yoast SEO plugin v27.5 - https:\/\/yoast.com\/product\/yoast-seo-wordpress\/ -->\n<title>Search - Hotel Post 4*s<\/title>\n<meta name=\"description\" content=\"Find your dream holiday at Hotel Post Lermoos: search offers, rooms, spa treatments &amp; packages for your perfect alpine getaway.\" \/>\n<meta name=\"robots\" content=\"index, follow, max-snippet:-1, max-image-preview:large, max-video-preview:-1\" \/>\n<link rel=\"canonical\" href=\"https:\/\/dev.post-lermoos.at\/en\/search\/\" \/>\n<meta property=\"og:locale\" content=\"en_US\" \/>\n<meta property=\"og:type\" content=\"article\" \/>\n<meta property=\"og:title\" content=\"Search - Hotel Post 4*s\" \/>\n<meta property=\"og:description\" content=\"Find your dream holiday at Hotel Post Lermoos: search offers, rooms, spa treatments &amp; packages for your perfect alpine getaway.\" \/>\n<meta property=\"og:url\" content=\"https:\/\/dev.post-lermoos.at\/en\/search\/\" \/>\n<meta property=\"og:site_name\" content=\"Hotel Post 4*s\" \/>\n<meta property=\"article:publisher\" content=\"https:\/\/www.facebook.com\/hotelpost.lermoos\" \/>\n<meta property=\"article:modified_time\" content=\"2025-09-23T06:48:57+00:00\" \/>\n<meta property=\"og:image\" content=\"https:\/\/dev.post-lermoos.at\/wp-content\/uploads\/bilder\/karriere\/rest-team-alle.jpg\" \/>\n\t<meta property=\"og:image:width\" content=\"2560\" \/>\n\t<meta property=\"og:image:height\" content=\"1707\" \/>\n\t<meta property=\"og:image:type\" content=\"image\/jpeg\" \/>\n<meta name=\"twitter:label1\" content=\"Est. reading time\" \/>\n\t<meta name=\"twitter:data1\" content=\"2 minutes\" \/>\n<!-- \/ Yoast SEO plugin. -->","yoast_head_json":{"title":"Search - Hotel Post 4*s","description":"Find your dream holiday at Hotel Post Lermoos: search offers, rooms, spa treatments & packages for your perfect alpine getaway.","robots":{"index":"index","follow":"follow","max-snippet":"max-snippet:-1","max-image-preview":"max-image-preview:large","max-video-preview":"max-video-preview:-1"},"canonical":"https:\/\/dev.post-lermoos.at\/en\/search\/","og_locale":"en_US","og_type":"article","og_title":"Search - Hotel Post 4*s","og_description":"Find your dream holiday at Hotel Post Lermoos: search offers, rooms, spa treatments & packages for your perfect alpine getaway.","og_url":"https:\/\/dev.post-lermoos.at\/en\/search\/","og_site_name":"Hotel Post 4*s","article_publisher":"https:\/\/www.facebook.com\/hotelpost.lermoos","article_modified_time":"2025-09-23T06:48:57+00:00","og_image":[{"width":2560,"height":1707,"url":"https:\/\/dev.post-lermoos.at\/wp-content\/uploads\/bilder\/karriere\/rest-team-alle.jpg","type":"image\/jpeg"}],"twitter_misc":{"Est. reading time":"2 minutes"},"schema":{"@context":"https:\/\/schema.org","@graph":[{"@type":"WebPage","@id":"https:\/\/dev.post-lermoos.at\/en\/search\/","url":"https:\/\/dev.post-lermoos.at\/en\/search\/","name":"Search - Hotel Post 4*s","isPartOf":{"@id":"https:\/\/dev.post-lermoos.at\/en\/#website"},"primaryImageOfPage":{"@id":"https:\/\/dev.post-lermoos.at\/en\/search\/#primaryimage"},"image":{"@id":"https:\/\/dev.post-lermoos.at\/en\/search\/#primaryimage"},"thumbnailUrl":"https:\/\/dev.post-lermoos.at\/wp-content\/uploads\/bilder\/karriere\/rest-team-alle.jpg","datePublished":"2021-04-28T07:47:05+00:00","dateModified":"2025-09-23T06:48:57+00:00","description":"Find your dream holiday at Hotel Post Lermoos: search offers, rooms, spa treatments & packages for your perfect alpine getaway.","breadcrumb":{"@id":"https:\/\/dev.post-lermoos.at\/en\/search\/#breadcrumb"},"inLanguage":"en-US","potentialAction":[{"@type":"ReadAction","target":["https:\/\/dev.post-lermoos.at\/en\/search\/"]}]},{"@type":"ImageObject","inLanguage":"en-US","@id":"https:\/\/dev.post-lermoos.at\/en\/search\/#primaryimage","url":"https:\/\/dev.post-lermoos.at\/wp-content\/uploads\/bilder\/karriere\/rest-team-alle.jpg","contentUrl":"https:\/\/dev.post-lermoos.at\/wp-content\/uploads\/bilder\/karriere\/rest-team-alle.jpg","width":2560,"height":1707,"caption":"Die Fotos d\u00fcrfen ausschlie\u00dflich f\u00fcr PR- und Marketingma\u00dfnahmen des \"Hotel POST - A-Lermoos - Tirol\" verwendet werden. Jegliche Nutzung Dritter ist mit dem Bildautor (www.guenterstandl.de) gesondert zu vereinbaren."},{"@type":"BreadcrumbList","@id":"https:\/\/dev.post-lermoos.at\/en\/search\/#breadcrumb","itemListElement":[{"@type":"ListItem","position":1,"name":"Home","item":"https:\/\/dev.post-lermoos.at\/en\/"},{"@type":"ListItem","position":2,"name":"Search"}]},{"@type":"WebSite","@id":"https:\/\/dev.post-lermoos.at\/en\/#website","url":"https:\/\/dev.post-lermoos.at\/en\/","name":"Hotel Post 4*s","description":"Alpine Luxury Gourmet &amp; SPA Post 4*s","publisher":{"@id":"https:\/\/dev.post-lermoos.at\/en\/#organization"},"potentialAction":[{"@type":"SearchAction","target":{"@type":"EntryPoint","urlTemplate":"https:\/\/dev.post-lermoos.at\/en\/?s={search_term_string}"},"query-input":{"@type":"PropertyValueSpecification","valueRequired":true,"valueName":"search_term_string"}}],"inLanguage":"en-US"},{"@type":"Organization","@id":"https:\/\/dev.post-lermoos.at\/en\/#organization","name":"ALPINE LUXURY HOTEL, GOURMET & SPA HOTEL POST****S & POSTSCHL\u00d6SSL","url":"https:\/\/dev.post-lermoos.at\/en\/","logo":{"@type":"ImageObject","inLanguage":"en-US","@id":"https:\/\/dev.post-lermoos.at\/en\/#\/schema\/logo\/image\/","url":"https:\/\/www.post-lermoos.at\/wp-content\/uploads\/layout\/icons\/logo.svg","contentUrl":"https:\/\/www.post-lermoos.at\/wp-content\/uploads\/layout\/icons\/logo.svg","width":"1024","height":"1024","caption":"ALPINE LUXURY HOTEL, GOURMET & SPA HOTEL POST****S & POSTSCHL\u00d6SSL"},"image":{"@id":"https:\/\/dev.post-lermoos.at\/en\/#\/schema\/logo\/image\/"},"sameAs":["https:\/\/www.facebook.com\/hotelpost.lermoos","https:\/\/instagram.com\/hotelpostlermoos"]}]}},"_links":{"self":[{"href":"https:\/\/dev.post-lermoos.at\/en\/wp-json\/wp\/v2\/pages\/6802","targetHints":{"allow":["GET"]}}],"collection":[{"href":"https:\/\/dev.post-lermoos.at\/en\/wp-json\/wp\/v2\/pages"}],"about":[{"href":"https:\/\/dev.post-lermoos.at\/en\/wp-json\/wp\/v2\/types\/page"}],"author":[{"embeddable":true,"href":"https:\/\/dev.post-lermoos.at\/en\/wp-json\/wp\/v2\/users\/7"}],"replies":[{"embeddable":true,"href":"https:\/\/dev.post-lermoos.at\/en\/wp-json\/wp\/v2\/comments?post=6802"}],"version-history":[{"count":10,"href":"https:\/\/dev.post-lermoos.at\/en\/wp-json\/wp\/v2\/pages\/6802\/revisions"}],"predecessor-version":[{"id":27647,"href":"https:\/\/dev.post-lermoos.at\/en\/wp-json\/wp\/v2\/pages\/6802\/revisions\/27647"}],"wp:featuredmedia":[{"embeddable":true,"href":"https:\/\/dev.post-lermoos.at\/en\/wp-json\/wp\/v2\/media\/5624"}],"wp:attachment":[{"href":"https:\/\/dev.post-lermoos.at\/en\/wp-json\/wp\/v2\/media?parent=6802"}],"curies":[{"name":"wp","href":"https:\/\/api.w.org\/{rel}","templated":true}]}}