{"id":5981,"date":"2021-04-27T22:20:40","date_gmt":"2021-04-27T20:20:40","guid":{"rendered":"https:\/\/www.post-lermoos.at\/?page_id=5981"},"modified":"2025-09-18T15:37:01","modified_gmt":"2025-09-18T13:37:01","slug":"team-benefits","status":"publish","type":"page","link":"https:\/\/dev.post-lermoos.at\/en\/home\/team-career\/team-benefits\/","title":{"rendered":"Team Benefits"},"content":{"rendered":"<p>[et_pb_section fb_built=&#8221;1&#8243; fullwidth=&#8221;on&#8221; admin_label=&#8221;Slider Header Subpage Section&#8221; module_class=&#8221;dwHeaderSlideContainer&#8221; _builder_version=&#8221;4.22.1&#8243; _module_preset=&#8221;default&#8221; background_enable_image=&#8221;off&#8221; saved_tabs=&#8221;all&#8221; global_colors_info=&#8221;{}&#8221;][et_pb_fullwidth_code admin_label=&#8221;Fullwidth Slider Subpage&#8221; _builder_version=&#8221;4.22.1&#8243; _module_preset=&#8221;default&#8221; background_enable_image=&#8221;off&#8221; global_colors_info=&#8221;{}&#8221;]\n\t\t\t\t<p class=\"rs-p-wp-fix\"><\/p>\n\t\t\t\t<sr7-module data-alias=\"hotel-post-Subpage\" data-id=\"10\" id=\"SR7_10_1\" class=\"rs-ov-hidden\" data-version=\"6.7.54\">\n\t\t\t\t\t<sr7-adjuster><\/sr7-adjuster>\n\t\t\t\t\t<sr7-content>\n\t\t\t\t\t\t<sr7-slide id=\"SR7_10_1-117STR1\" data-key=\"117STR1\">\n\t\t\t\t\t\t\t<h1 id=\"SR7_10_1-117STR1-2\" class=\"sr7-layer\"><span class=\"dwSliderHead dwSliderLine1\">Team Benefits<\/span><br \/><span class=\"dwSliderHead dwSliderLine2\">at the hotel Post<\/span><\/h1>\n\t\t\t\t\t\t<\/sr7-slide>\n\t\t\t\t\t\t<sr7-slide id=\"SR7_10_1-180\" data-key=\"180\">\n\t\t\t\t\t\t<\/sr7-slide>\n\t\t\t\t\t<\/sr7-content>\n\t\t\t\t\t<image_lists style=\"display:none\">\n\t\t\t\t\t\t<img data-src=\"\/\/www.post-lermoos.at\/wp-content\/uploads\/layout\/header\/start\/post_lermoos_0118-3321-scaled.jpg\" data-libid=\"9063\" data-lib=\"medialibrary\" alt=\"Dampfender Pool vor Haus im Winter\" title=\"post_lermoos_0118-3321\" width=\"0\" height=\"0\" data-dbsrc=\"Ly93d3cucG9zdC1sZXJtb29zLmF0L3dwLWNvbnRlbnQvdXBsb2Fkcy9sYXlvdXQvaGVhZGVyL3N0YXJ0L3Bvc3RfbGVybW9vc18wMTE4LTMzMjEtc2NhbGVkLmpwZw==\"\/>\n\t\t\t\t\t\t<img data-src=\"\/\/dev.post-lermoos.at\/wp-content\/uploads\/bilder\/bildergalerie\/eingang-scaled.jpg\" width=\"0\" height=\"0\" data-dbsrc=\"Ly9kZXYucG9zdC1sZXJtb29zLmF0L3dwLWNvbnRlbnQvdXBsb2Fkcy9iaWxkZXIvYmlsZGVyZ2FsZXJpZS9laW5nYW5nLXNjYWxlZC5qcGc=\"\/>\n\t\t\t\t\t<\/image_lists>\n\t\t\t\t<\/sr7-module>\n\t\t\t\t<script>\n\t\t\t\t\twindow.SR7 ??={};SR7.PMH ??={}; SR7.PMH[\"SR7_10_1\"] = {cn:100,state:false,fn: function() { if (window._tpt!==undefined && window._tpt.prepareModuleHeight !== undefined) {  _tpt.prepareModuleHeight({id:\"SR7_10_1\",el:[900,900,900,900,720],type:'hero',shdw:'0',gh:[900,900,900,900,720],gw:[1240,1240,1240,1240,480],vpt:['-200px&#039;,&#039;-200px&#039;,&#039;-200px&#039;,&#039;-200px&#039;,&#039;-200px'],size:{fullWidth:true, fullHeight:true},fho:'',mh:'0',onh:0,onw:0,bg:{color:'{\"orig\":\"transparent\",\"type\":\"solid\",\"string\":\"transparent\"}'}});   SR7.PMH[\"SR7_10_1\"].state=true;} else if(SR7.PMH[\"SR7_10_1\"].cn-->0)\tsetTimeout( SR7.PMH[\"SR7_10_1\"].fn,19);}};SR7.PMH[\"SR7_10_1\" ].fn();\n\t\t\t\t<\/script>\n[\/et_pb_fullwidth_code][\/et_pb_section][et_pb_section fb_built=&#8221;1&#8243; _builder_version=&#8221;4.16&#8243; _module_preset=&#8221;default&#8221; global_colors_info=&#8221;{}&#8221;][et_pb_row _builder_version=&#8221;4.16&#8243; _module_preset=&#8221;4bf8f618-74fe-4547-81e7-a70309dd37b7&#8243; global_colors_info=&#8221;{}&#8221;][et_pb_column type=&#8221;4_4&#8243; _builder_version=&#8221;4.16&#8243; _module_preset=&#8221;default&#8221; background_enable_image=&#8221;off&#8221; background_last_edited=&#8221;on|desktop&#8221; background_enable_image_tablet=&#8221;off&#8221; background_enable_image_phone=&#8221;off&#8221; global_colors_info=&#8221;{}&#8221;][et_pb_text _builder_version=&#8221;4.16&#8243; _module_preset=&#8221;a71c5eaf-1af1-4b09-af75-c49a691cae43&#8243; global_colors_info=&#8221;{}&#8221;]<\/p>\n<p>Hotel Post Benefits<\/p>\n<p>[\/et_pb_text][et_pb_text _builder_version=&#8221;4.16&#8243; _module_preset=&#8221;1753b941-c621-441e-9826-a3caf1458c58&#8243; custom_padding=&#8221;||0px|||&#8221; global_colors_info=&#8221;{}&#8221;]<\/p>\n<p>What can you expect in terms of benefits?<\/p>\n<p>[\/et_pb_text][et_pb_text _builder_version=&#8221;4.27.0&#8243; _module_preset=&#8221;default&#8221; custom_padding=&#8221;||0px|||&#8221; hover_enabled=&#8221;0&#8243; global_colors_info=&#8221;{}&#8221; module_class=&#8221;customlistgoldencheck&#8221; sticky_enabled=&#8221;0&#8243;]<\/p>\n<ul>\n<li>Free meals (3 times a day, also on days off)<\/li>\n<li>free accommodation<\/li>\n<li>numerous training opportunities and training<\/li>\n<li>Free use of wellness area (3x weekly) and fitness room (daily)<\/li>\n<li>Free Wi-Fi\/Internet<\/li>\n<li>Free cable car or ski tickets for the Tyrolean Zugspitzbahn and Ehrwalder Almbahn<\/li>\n<li>Annual position in an open-ended contract<\/li>\n<li>dedicated, motivated and young team<\/li>\n<li>Flat hierarchies and department heads who lend a hand<\/li>\n<li>free parking<\/li>\n<li>joint leisure activities and annual staff party<\/li>\n<li>Washer\/dryer in the staff house (subject to charge)<\/li>\n<li>free work clothes<\/li>\n<li>Work clothes, bed linen and towels can be washed free of charge in the hotel laundry<\/li>\n<\/ul>\n<p>[\/et_pb_text][\/et_pb_column][\/et_pb_row][et_pb_row _builder_version=&#8221;4.18.1&#8243; _module_preset=&#8221;4bf8f618-74fe-4547-81e7-a70309dd37b7&#8243; global_colors_info=&#8221;{}&#8221;][et_pb_column type=&#8221;4_4&#8243; _builder_version=&#8221;4.18.1&#8243; _module_preset=&#8221;default&#8221; background_enable_image=&#8221;off&#8221; background_last_edited=&#8221;on|desktop&#8221; background_enable_image_tablet=&#8221;off&#8221; background_enable_image_phone=&#8221;off&#8221; global_colors_info=&#8221;{}&#8221;][et_pb_text _builder_version=&#8221;4.18.1&#8243; _module_preset=&#8221;2d032214-2e7a-452c-8fb3-39c58c5a5e03&#8243; custom_padding=&#8221;||0px|||&#8221; global_colors_info=&#8221;{}&#8221;]<\/p>\n<p> You are motivated, committed and want something new?<\/p>\n<p>[\/et_pb_text][et_pb_text _builder_version=&#8221;4.16&#8243; _module_preset=&#8221;default&#8221; custom_padding=&#8221;||0px|||&#8221; global_colors_info=&#8221;{}&#8221;]<\/p>\n<p>Then we look forward to receiving your meaningful application with CV and certificates.<\/p>\n<p>[\/et_pb_text][et_pb_button button_url=&#8221;https:\/\/www.wellnesshotel.com\/karriere\/hotel-post-ch109&#8243; url_new_window=&#8221;on&#8221; button_text=&#8221;VIEW CURRENT JOB OFFERS HERE&#8221; _builder_version=&#8221;4.27.0&#8243; _module_preset=&#8221;ad041a3b-cc39-441e-ad92-725e77c2c152&#8243; hover_enabled=&#8221;0&#8243; global_colors_info=&#8221;{}&#8221; sticky_enabled=&#8221;0&#8243;][\/et_pb_button][\/et_pb_column][\/et_pb_row][\/et_pb_section][et_pb_section fb_built=&#8221;1&#8243; fullwidth=&#8221;on&#8221; _builder_version=&#8221;4.18.1&#8243; _module_preset=&#8221;default&#8221; background_enable_image=&#8221;off&#8221; global_colors_info=&#8221;{}&#8221;][et_pb_fullwidth_slider _builder_version=&#8221;4.27.0&#8243; _module_preset=&#8221;49ea18e6-da41-4131-8fb5-f637d277d123&#8243; background_enable_image=&#8221;off&#8221; height_tablet=&#8221;50vh&#8221; height_phone=&#8221;&#8221; height_last_edited=&#8221;on|tablet&#8221; hover_enabled=&#8221;0&#8243; global_colors_info=&#8221;{}&#8221; link_option_url=&#8221;https:\/\/www.post-lermoos.at\/home\/team-karriere\/bewerbung\/&#8221; sticky_enabled=&#8221;0&#8243;][et_pb_slide heading=&#8221;That&apos;s where I belong!&#8221; button_text=&#8221;Become a post employee.&#8221; _builder_version=&#8221;4.18.1&#8243; _dynamic_attributes=&#8221;link_option_url&#8221; _module_preset=&#8221;default&#8221; background_image=&#8221;https:\/\/www.post-lermoos.at\/wp-content\/uploads\/bilder\/karriere\/thomas-strasser_by-lehmann.jpg&#8221; link_option_url=&#8221;@ET-DC@eyJkeW5hbWljIjp0cnVlLCJjb250ZW50IjoicG9zdF9saW5rX3VybF9wYWdlIiwic2V0dGluZ3MiOnsicG9zdF9pZCI6IjU5NjMifX0=@&#8221; body_font_size_phone=&#8221;3.3rem&#8221; global_colors_info=&#8221;{}&#8221; sticky_transition=&#8221;on&#8221;]<\/p>\n<p>Apply now<\/p>\n<p>[\/et_pb_slide][\/et_pb_fullwidth_slider][\/et_pb_section]<\/p>\n","protected":false},"excerpt":{"rendered":"<p>\n\t\t\t\t<p class=\"rs-p-wp-fix\"><\/p>\n\t\t\t\t<sr7-module data-alias=\"hotel-post-Subpage\" data-id=\"10\" id=\"SR7_10_2\" class=\"rs-ov-hidden\" data-version=\"6.7.54\">\n\t\t\t\t\t<sr7-adjuster><\/sr7-adjuster>\n\t\t\t\t\t<sr7-content>\n\t\t\t\t\t\t<sr7-slide id=\"SR7_10_2-117STR1\" data-key=\"117STR1\">\n\t\t\t\t\t\t\t<h1 id=\"SR7_10_2-117STR1-2\" class=\"sr7-layer\"><span class=\"dwSliderHead dwSliderLine1\">Team Benefits<\/span><br \/><span class=\"dwSliderHead dwSliderLine2\">at the hotel Post<\/span><\/h1>\n\t\t\t\t\t\t<\/sr7-slide>\n\t\t\t\t\t\t<sr7-slide id=\"SR7_10_2-180\" data-key=\"180\">\n\t\t\t\t\t\t<\/sr7-slide>\n\t\t\t\t\t<\/sr7-content>\n\t\t\t\t\t<image_lists style=\"display:none\">\n\t\t\t\t\t\t<img data-src=\"\/\/www.post-lermoos.at\/wp-content\/uploads\/layout\/header\/start\/post_lermoos_0118-3321-scaled.jpg\" data-libid=\"9063\" data-lib=\"medialibrary\" alt=\"Dampfender Pool vor Haus im Winter\" title=\"post_lermoos_0118-3321\" width=\"0\" height=\"0\" data-dbsrc=\"Ly93d3cucG9zdC1sZXJtb29zLmF0L3dwLWNvbnRlbnQvdXBsb2Fkcy9sYXlvdXQvaGVhZGVyL3N0YXJ0L3Bvc3RfbGVybW9vc18wMTE4LTMzMjEtc2NhbGVkLmpwZw==\"\/>\n\t\t\t\t\t\t<img data-src=\"\/\/dev.post-lermoos.at\/wp-content\/uploads\/bilder\/bildergalerie\/eingang-scaled.jpg\" width=\"0\" height=\"0\" data-dbsrc=\"Ly9kZXYucG9zdC1sZXJtb29zLmF0L3dwLWNvbnRlbnQvdXBsb2Fkcy9iaWxkZXIvYmlsZGVyZ2FsZXJpZS9laW5nYW5nLXNjYWxlZC5qcGc=\"\/>\n\t\t\t\t\t<\/image_lists>\n\t\t\t\t<\/sr7-module>\n\t\t\t\t<script>\n\t\t\t\t\twindow.SR7 ??={};SR7.PMH ??={}; SR7.PMH[\"SR7_10_2\"] = {cn:100,state:false,fn: function() { if (window._tpt!==undefined && window._tpt.prepareModuleHeight !== undefined) {  _tpt.prepareModuleHeight({id:\"SR7_10_2\",el:[900,900,900,900,720],type:'hero',shdw:'0',gh:[900,900,900,900,720],gw:[1240,1240,1240,1240,480],vpt:['-200px&#039;,&#039;-200px&#039;,&#039;-200px&#039;,&#039;-200px&#039;,&#039;-200px'],size:{fullWidth:true, fullHeight:true},fho:'',mh:'0',onh:0,onw:0,bg:{color:'{\"orig\":\"transparent\",\"type\":\"solid\",\"string\":\"transparent\"}'}});   SR7.PMH[\"SR7_10_2\"].state=true;} else if(SR7.PMH[\"SR7_10_2\"].cn-->0)\tsetTimeout( SR7.PMH[\"SR7_10_2\"].fn,19);}};SR7.PMH[\"SR7_10_2\" ].fn();\n\t\t\t\t<\/script>\nHotel Post BenefitsWhat can you expect in terms of benefits? Free meals (3 times a day, also on days off) free accommodation numerous training opportunities and training Free use of wellness area (3x weekly) and fitness room (daily) Free Wi-Fi\/Internet Free cable car or ski tickets for the Tyrolean Zugspitzbahn and Ehrwalder Almbahn Annual [&hellip;]<\/p>\n","protected":false},"author":7,"featured_media":13481,"parent":4683,"menu_order":98,"comment_status":"closed","ping_status":"closed","template":"","meta":{"_acf_changed":false,"_et_pb_use_builder":"on","_et_pb_old_content":"","_et_gb_content_width":"","inline_featured_image":false,"footnotes":""},"class_list":["post-5981","page","type-page","status-publish","has-post-thumbnail","hentry"],"acf":[],"yoast_head":"<!-- This site is optimized with the Yoast SEO plugin v27.5 - https:\/\/yoast.com\/product\/yoast-seo-wordpress\/ -->\n<title>Team Benefits - Hotel Post 4*s<\/title>\n<meta name=\"description\" content=\"Working at Hotel Post Lermoos: Discover our attractive team benefits, ranging from further training and meals to leisure activities.\" \/>\n<meta name=\"robots\" content=\"index, follow, max-snippet:-1, max-image-preview:large, max-video-preview:-1\" \/>\n<link rel=\"canonical\" href=\"https:\/\/dev.post-lermoos.at\/en\/home\/team-career\/team-benefits\/\" \/>\n<meta property=\"og:locale\" content=\"en_US\" \/>\n<meta property=\"og:type\" content=\"article\" \/>\n<meta property=\"og:title\" content=\"Team Benefits - Hotel Post 4*s\" \/>\n<meta property=\"og:description\" content=\"Working at Hotel Post Lermoos: Discover our attractive team benefits, ranging from further training and meals to leisure activities.\" \/>\n<meta property=\"og:url\" content=\"https:\/\/dev.post-lermoos.at\/en\/home\/team-career\/team-benefits\/\" \/>\n<meta property=\"og:site_name\" content=\"Hotel Post 4*s\" \/>\n<meta property=\"article:publisher\" content=\"https:\/\/www.facebook.com\/hotelpost.lermoos\" \/>\n<meta property=\"article:modified_time\" content=\"2025-09-18T13:37:01+00:00\" \/>\n<meta property=\"og:image\" content=\"https:\/\/dev.post-lermoos.at\/wp-content\/uploads\/bilder\/bildergalerie\/eingang-scaled.jpg\" \/>\n\t<meta property=\"og:image:width\" content=\"2560\" \/>\n\t<meta property=\"og:image:height\" content=\"1707\" \/>\n\t<meta property=\"og:image:type\" content=\"image\/jpeg\" \/>\n<meta name=\"twitter:label1\" content=\"Est. reading time\" \/>\n\t<meta name=\"twitter:data1\" content=\"3 minutes\" \/>\n<!-- \/ Yoast SEO plugin. -->","yoast_head_json":{"title":"Team Benefits - Hotel Post 4*s","description":"Working at Hotel Post Lermoos: Discover our attractive team benefits, ranging from further training and meals to leisure activities.","robots":{"index":"index","follow":"follow","max-snippet":"max-snippet:-1","max-image-preview":"max-image-preview:large","max-video-preview":"max-video-preview:-1"},"canonical":"https:\/\/dev.post-lermoos.at\/en\/home\/team-career\/team-benefits\/","og_locale":"en_US","og_type":"article","og_title":"Team Benefits - Hotel Post 4*s","og_description":"Working at Hotel Post Lermoos: Discover our attractive team benefits, ranging from further training and meals to leisure activities.","og_url":"https:\/\/dev.post-lermoos.at\/en\/home\/team-career\/team-benefits\/","og_site_name":"Hotel Post 4*s","article_publisher":"https:\/\/www.facebook.com\/hotelpost.lermoos","article_modified_time":"2025-09-18T13:37:01+00:00","og_image":[{"width":2560,"height":1707,"url":"https:\/\/dev.post-lermoos.at\/wp-content\/uploads\/bilder\/bildergalerie\/eingang-scaled.jpg","type":"image\/jpeg"}],"twitter_misc":{"Est. reading time":"3 minutes"},"schema":{"@context":"https:\/\/schema.org","@graph":[{"@type":"WebPage","@id":"https:\/\/dev.post-lermoos.at\/en\/home\/team-career\/team-benefits\/","url":"https:\/\/dev.post-lermoos.at\/en\/home\/team-career\/team-benefits\/","name":"Team Benefits - Hotel Post 4*s","isPartOf":{"@id":"https:\/\/dev.post-lermoos.at\/en\/#website"},"primaryImageOfPage":{"@id":"https:\/\/dev.post-lermoos.at\/en\/home\/team-career\/team-benefits\/#primaryimage"},"image":{"@id":"https:\/\/dev.post-lermoos.at\/en\/home\/team-career\/team-benefits\/#primaryimage"},"thumbnailUrl":"https:\/\/dev.post-lermoos.at\/wp-content\/uploads\/bilder\/bildergalerie\/eingang-scaled.jpg","datePublished":"2021-04-27T20:20:40+00:00","dateModified":"2025-09-18T13:37:01+00:00","description":"Working at Hotel Post Lermoos: Discover our attractive team benefits, ranging from further training and meals to leisure activities.","breadcrumb":{"@id":"https:\/\/dev.post-lermoos.at\/en\/home\/team-career\/team-benefits\/#breadcrumb"},"inLanguage":"en-US","potentialAction":[{"@type":"ReadAction","target":["https:\/\/dev.post-lermoos.at\/en\/home\/team-career\/team-benefits\/"]}]},{"@type":"ImageObject","inLanguage":"en-US","@id":"https:\/\/dev.post-lermoos.at\/en\/home\/team-career\/team-benefits\/#primaryimage","url":"https:\/\/dev.post-lermoos.at\/wp-content\/uploads\/bilder\/bildergalerie\/eingang-scaled.jpg","contentUrl":"https:\/\/dev.post-lermoos.at\/wp-content\/uploads\/bilder\/bildergalerie\/eingang-scaled.jpg","width":2560,"height":1707,"caption":"Das Foto darf ausschlie\u00dflich f\u00fcr PR- und Marketingma\u00dfnahmen der Hotels POST &amp; POSTSCHLOESSL - Kirchplatz 6 - 6631 Lermoos \u2013 Tirol\/Austria r\u00e4umlich und zeitlich unbegrenzt verwendet werden. Das Copyright verbleibt beim Bildautor G\u00fcnter Standl (www.guenterstandl.de). Jegliche Nutzung Dritter ist mit dem Bildautor gesondert zu vereinbaren. Der Bildautor stellt das gelieferte Bildmaterial nicht von Rechten Dritter frei. Etwaige Anspr\u00fcche Dritter fallen in den Verantwortungsbereich des Bildnutzers."},{"@type":"BreadcrumbList","@id":"https:\/\/dev.post-lermoos.at\/en\/home\/team-career\/team-benefits\/#breadcrumb","itemListElement":[{"@type":"ListItem","position":1,"name":"Home","item":"https:\/\/dev.post-lermoos.at\/en\/"},{"@type":"ListItem","position":2,"name":"Home","item":"https:\/\/dev.post-lermoos.at\/en\/"},{"@type":"ListItem","position":3,"name":"Team &amp; Career","item":"https:\/\/dev.post-lermoos.at\/en\/home\/team-career\/"},{"@type":"ListItem","position":4,"name":"Team Benefits"}]},{"@type":"WebSite","@id":"https:\/\/dev.post-lermoos.at\/en\/#website","url":"https:\/\/dev.post-lermoos.at\/en\/","name":"Hotel Post 4*s","description":"Alpine Luxury Gourmet &amp; SPA Post 4*s","publisher":{"@id":"https:\/\/dev.post-lermoos.at\/en\/#organization"},"potentialAction":[{"@type":"SearchAction","target":{"@type":"EntryPoint","urlTemplate":"https:\/\/dev.post-lermoos.at\/en\/?s={search_term_string}"},"query-input":{"@type":"PropertyValueSpecification","valueRequired":true,"valueName":"search_term_string"}}],"inLanguage":"en-US"},{"@type":"Organization","@id":"https:\/\/dev.post-lermoos.at\/en\/#organization","name":"ALPINE LUXURY HOTEL, GOURMET & SPA HOTEL POST****S & POSTSCHL\u00d6SSL","url":"https:\/\/dev.post-lermoos.at\/en\/","logo":{"@type":"ImageObject","inLanguage":"en-US","@id":"https:\/\/dev.post-lermoos.at\/en\/#\/schema\/logo\/image\/","url":"https:\/\/www.post-lermoos.at\/wp-content\/uploads\/layout\/icons\/logo.svg","contentUrl":"https:\/\/www.post-lermoos.at\/wp-content\/uploads\/layout\/icons\/logo.svg","width":"1024","height":"1024","caption":"ALPINE LUXURY HOTEL, GOURMET & SPA HOTEL POST****S & POSTSCHL\u00d6SSL"},"image":{"@id":"https:\/\/dev.post-lermoos.at\/en\/#\/schema\/logo\/image\/"},"sameAs":["https:\/\/www.facebook.com\/hotelpost.lermoos","https:\/\/instagram.com\/hotelpostlermoos"]}]}},"_links":{"self":[{"href":"https:\/\/dev.post-lermoos.at\/en\/wp-json\/wp\/v2\/pages\/5981","targetHints":{"allow":["GET"]}}],"collection":[{"href":"https:\/\/dev.post-lermoos.at\/en\/wp-json\/wp\/v2\/pages"}],"about":[{"href":"https:\/\/dev.post-lermoos.at\/en\/wp-json\/wp\/v2\/types\/page"}],"author":[{"embeddable":true,"href":"https:\/\/dev.post-lermoos.at\/en\/wp-json\/wp\/v2\/users\/7"}],"replies":[{"embeddable":true,"href":"https:\/\/dev.post-lermoos.at\/en\/wp-json\/wp\/v2\/comments?post=5981"}],"version-history":[{"count":25,"href":"https:\/\/dev.post-lermoos.at\/en\/wp-json\/wp\/v2\/pages\/5981\/revisions"}],"predecessor-version":[{"id":27602,"href":"https:\/\/dev.post-lermoos.at\/en\/wp-json\/wp\/v2\/pages\/5981\/revisions\/27602"}],"up":[{"embeddable":true,"href":"https:\/\/dev.post-lermoos.at\/en\/wp-json\/wp\/v2\/pages\/4683"}],"wp:featuredmedia":[{"embeddable":true,"href":"https:\/\/dev.post-lermoos.at\/en\/wp-json\/wp\/v2\/media\/13481"}],"wp:attachment":[{"href":"https:\/\/dev.post-lermoos.at\/en\/wp-json\/wp\/v2\/media?parent=5981"}],"curies":[{"name":"wp","href":"https:\/\/api.w.org\/{rel}","templated":true}]}}