{"id":5754,"date":"2021-04-27T22:28:21","date_gmt":"2021-04-27T20:28:21","guid":{"rendered":"https:\/\/www.post-lermoos.at\/?page_id=5754"},"modified":"2026-04-13T15:56:58","modified_gmt":"2026-04-13T13:56:58","slug":"livecams","status":"publish","type":"page","link":"https:\/\/dev.post-lermoos.at\/en\/home\/livecams\/","title":{"rendered":"Livecams"},"content":{"rendered":"<p>[et_pb_section fb_built=&#8221;1&#8243; fullwidth=&#8221;on&#8221; admin_label=&#8221;Slider Header Subpage Section&#8221; module_class=&#8221;dwHeaderSlideContainer&#8221; _builder_version=&#8221;4.22.1&#8243; _module_preset=&#8221;default&#8221; background_enable_image=&#8221;off&#8221; global_module=&#8221;3097&#8243; saved_tabs=&#8221;all&#8221; global_colors_info=&#8221;{}&#8221;][et_pb_fullwidth_code admin_label=&#8221;Fullwidth Slider Subpage&#8221; _builder_version=&#8221;4.22.1&#8243; _module_preset=&#8221;default&#8221; background_enable_image=&#8221;off&#8221; global_colors_info=&#8221;{}&#8221;]\n\t\t\t\t<p class=\"rs-p-wp-fix\"><\/p>\n\t\t\t\t<sr7-module data-alias=\"hotel-post-Subpage\" data-id=\"10\" id=\"SR7_10_1\" class=\"rs-ov-hidden\" data-version=\"6.7.54\">\n\t\t\t\t\t<sr7-adjuster><\/sr7-adjuster>\n\t\t\t\t\t<sr7-content>\n\t\t\t\t\t\t<sr7-slide id=\"SR7_10_1-117STR1\" data-key=\"117STR1\">\n\t\t\t\t\t\t\t<h1 id=\"SR7_10_1-117STR1-2\" class=\"sr7-layer\"><span class=\"dwSliderHead dwSliderLine1\">Impressions<\/span><br \/><span class=\"dwSliderHead dwSliderLine2\">from and around Lermoos<\/span><\/h1>\n\t\t\t\t\t\t<\/sr7-slide>\n\t\t\t\t\t\t<sr7-slide id=\"SR7_10_1-180\" data-key=\"180\">\n\t\t\t\t\t\t<\/sr7-slide>\n\t\t\t\t\t<\/sr7-content>\n\t\t\t\t\t<image_lists style=\"display:none\">\n\t\t\t\t\t\t<img data-src=\"\/\/www.post-lermoos.at\/wp-content\/uploads\/layout\/header\/start\/post_lermoos_0118-3321-scaled.jpg\" data-libid=\"9063\" data-lib=\"medialibrary\" alt=\"Dampfender Pool vor Haus im Winter\" title=\"post_lermoos_0118-3321\" width=\"0\" height=\"0\" data-dbsrc=\"Ly93d3cucG9zdC1sZXJtb29zLmF0L3dwLWNvbnRlbnQvdXBsb2Fkcy9sYXlvdXQvaGVhZGVyL3N0YXJ0L3Bvc3RfbGVybW9vc18wMTE4LTMzMjEtc2NhbGVkLmpwZw==\"\/>\n\t\t\t\t\t\t<img data-src=\"\/\/dev.post-lermoos.at\/wp-content\/uploads\/bilder\/spa\/post_hotel_saunahaus_sommer_by-guenterstandl.jpg\" width=\"0\" height=\"0\" data-dbsrc=\"Ly9kZXYucG9zdC1sZXJtb29zLmF0L3dwLWNvbnRlbnQvdXBsb2Fkcy9iaWxkZXIvc3BhL3Bvc3RfaG90ZWxfc2F1bmFoYXVzX3NvbW1lcl9ieS1ndWVudGVyc3RhbmRsLmpwZw==\"\/>\n\t\t\t\t\t<\/image_lists>\n\t\t\t\t<\/sr7-module>\n\t\t\t\t<script>\n\t\t\t\t\twindow.SR7 ??={};SR7.PMH ??={}; SR7.PMH[\"SR7_10_1\"] = {cn:100,state:false,fn: function() { if (window._tpt!==undefined && window._tpt.prepareModuleHeight !== undefined) {  _tpt.prepareModuleHeight({id:\"SR7_10_1\",el:[900,900,900,900,720],type:'hero',shdw:'0',gh:[900,900,900,900,720],gw:[1240,1240,1240,1240,480],vpt:['-200px&#039;,&#039;-200px&#039;,&#039;-200px&#039;,&#039;-200px&#039;,&#039;-200px'],size:{fullWidth:true, fullHeight:true},fho:'',mh:'0',onh:0,onw:0,bg:{color:'{\"orig\":\"transparent\",\"type\":\"solid\",\"string\":\"transparent\"}'}});   SR7.PMH[\"SR7_10_1\"].state=true;} else if(SR7.PMH[\"SR7_10_1\"].cn-->0)\tsetTimeout( SR7.PMH[\"SR7_10_1\"].fn,19);}};SR7.PMH[\"SR7_10_1\" ].fn();\n\t\t\t\t<\/script>\n[\/et_pb_fullwidth_code][\/et_pb_section][et_pb_section fb_built=&#8221;1&#8243; _builder_version=&#8221;4.16&#8243; _module_preset=&#8221;default&#8221; global_colors_info=&#8221;{}&#8221;][et_pb_row _builder_version=&#8221;4.16&#8243; _module_preset=&#8221;default&#8221; width=&#8221;69%&#8221; max_width=&#8221;1600px&#8221; global_colors_info=&#8221;{}&#8221;][et_pb_column type=&#8221;4_4&#8243; _builder_version=&#8221;4.16&#8243; _module_preset=&#8221;default&#8221; global_colors_info=&#8221;{}&#8221;][et_pb_text _builder_version=&#8221;4.16&#8243; _module_preset=&#8221;a71c5eaf-1af1-4b09-af75-c49a691cae43&#8243; global_colors_info=&#8221;{}&#8221;]<\/p>\n<p style=\"text-align: center;\">Post Insights<\/p>\n<p>[\/et_pb_text][et_pb_text _builder_version=&#8221;4.16&#8243; _module_preset=&#8221;1753b941-c621-441e-9826-a3caf1458c58&#8243; global_colors_info=&#8221;{}&#8221;]<\/p>\n<p style=\"text-align: center;\">A live view of your vacation region <br \/>in Lermoos, Tyrol<\/p>\n<p>[\/et_pb_text][et_pb_text _builder_version=&#8221;4.25.2&#8243; _module_preset=&#8221;default&#8221; hover_enabled=&#8221;0&#8243; global_colors_info=&#8221;{}&#8221; sticky_enabled=&#8221;0&#8243;]<\/p>\n<p style=\"text-align: center;\">Simply &#8220;enjoy&#8221; your holiday at the Hotel Post in Lermoos.<\/p>\n<p style=\"text-align: center;\">Even in bad weather, there is a lot to experience with us. You can find our tips on <a href=\"https:\/\/www.post-lermoos.at\/news\/unsere-schlechtwetter-tipps-rund-um-lermoos-in-tirol\/\" target=\"_blank\" rel=\"noopener\">our blog<\/a>.<\/p>\n<p>[\/et_pb_text][et_pb_text _builder_version=&#8221;4.16&#8243; _module_preset=&#8221;default&#8221; global_colors_info=&#8221;{}&#8221;]<\/p>\n<p style=\"text-align: center;\">Clicking on the image opens the Panomax camera.<\/p>\n<p>[\/et_pb_text][\/et_pb_column][\/et_pb_row][\/et_pb_section][et_pb_section fb_built=&#8221;1&#8243; _builder_version=&#8221;4.16&#8243; _module_preset=&#8221;default&#8221; global_colors_info=&#8221;{}&#8221;][et_pb_row _builder_version=&#8221;4.16&#8243; _module_preset=&#8221;default&#8221; global_colors_info=&#8221;{}&#8221;][et_pb_column type=&#8221;4_4&#8243; _builder_version=&#8221;4.16&#8243; _module_preset=&#8221;default&#8221; global_colors_info=&#8221;{}&#8221;][et_pb_code disabled_on=&#8221;on|on|on&#8221; _builder_version=&#8221;4.16&#8243; _module_preset=&#8221;default&#8221; disabled=&#8221;on&#8221; global_colors_info=&#8221;{}&#8221;]<a href=\"https:\/\/post-lermoos.panomax.com\/\" target=\"_blank\" rel=\"noopener\"><img decoding=\"async\" src=\"https:\/\/panodata2.panomax.com\/cams\/964\/recent_h572.jpg\"><\/a>[\/et_pb_code][et_pb_code disabled_on=&#8221;on|on|on&#8221; _builder_version=&#8221;4.19.4&#8243; _module_preset=&#8221;default&#8221; disabled=&#8221;on&#8221; global_colors_info=&#8221;{}&#8221;]<a href=\"https:\/\/golfplatz-ehrwald.panomax.com\/\" target=\"_blank\" rel=\"noopener\"><img decoding=\"async\" src=\"https:\/\/panodata2.panomax.com\/cams\/956\/recent_h572.jpg\"><\/a>[\/et_pb_code][\/et_pb_column][\/et_pb_row][et_pb_row column_structure=&#8221;1_2,1_2&#8243; _builder_version=&#8221;4.16&#8243; _module_preset=&#8221;4bf8f618-74fe-4547-81e7-a70309dd37b7&#8243; global_colors_info=&#8221;{}&#8221;][et_pb_column type=&#8221;1_2&#8243; _builder_version=&#8221;4.16&#8243; _module_preset=&#8221;default&#8221; global_colors_info=&#8221;{}&#8221;][et_pb_code _builder_version=&#8221;4.19.4&#8243; _module_preset=&#8221;default&#8221; text_orientation=&#8221;center&#8221; global_colors_info=&#8221;{}&#8221;]<script type=\"text\/javascript\" src=\"https:\/\/static.panomax.com\/front\/thumbnail\/js\/pmaxthumbnail.js\"><\/script><!-- [et_pb_line_break_holder] --><script type=\"text\/javascript\"><!-- [et_pb_line_break_holder] -->PmaxThumbnail.place({<!-- [et_pb_line_break_holder] -->\"instance\":1323,<!-- [et_pb_line_break_holder] -->\"width\":\"100%\",<!-- [et_pb_line_break_holder] -->\"height\":\"400\",<!-- [et_pb_line_break_holder] -->\"continuous\":false,<!-- [et_pb_line_break_holder] -->\"map\":false,<!-- [et_pb_line_break_holder] -->\"showTimestamp\":true,<!-- [et_pb_line_break_holder] -->\"culture\":\"de-DE\"<!-- [et_pb_line_break_holder] -->});<!-- [et_pb_line_break_holder] --><\/script>[\/et_pb_code][\/et_pb_column][et_pb_column type=&#8221;1_2&#8243; _builder_version=&#8221;4.16&#8243; _module_preset=&#8221;default&#8221; global_colors_info=&#8221;{}&#8221;][et_pb_code _builder_version=&#8221;4.19.4&#8243; _module_preset=&#8221;default&#8221; text_orientation=&#8221;center&#8221; global_colors_info=&#8221;{}&#8221;]<script type=\"text\/javascript\" src=\"https:\/\/static.panomax.com\/front\/thumbnail\/js\/pmaxthumbnail.js\"><\/script><!-- [et_pb_line_break_holder] --><script type=\"text\/javascript\"><!-- [et_pb_line_break_holder] -->PmaxThumbnail.place({<!-- [et_pb_line_break_holder] --> instance: 1314,<!-- [et_pb_line_break_holder] -->\"width\":\"100%\",<!-- [et_pb_line_break_holder] -->\"height\":\"400\",<!-- [et_pb_line_break_holder] -->\"continuous\":false,<!-- [et_pb_line_break_holder] -->\"map\":false,<!-- [et_pb_line_break_holder] -->\"showTimestamp\":true,<!-- [et_pb_line_break_holder] -->\"culture\":\"de-DE\"<!-- [et_pb_line_break_holder] -->});<!-- [et_pb_line_break_holder] --><\/script><!-- [et_pb_line_break_holder] -->[\/et_pb_code][\/et_pb_column][\/et_pb_row][et_pb_row column_structure=&#8221;1_2,1_2&#8243; _builder_version=&#8221;4.16&#8243; _module_preset=&#8221;4bf8f618-74fe-4547-81e7-a70309dd37b7&#8243; global_colors_info=&#8221;{}&#8221;][et_pb_column type=&#8221;1_2&#8243; _builder_version=&#8221;4.16&#8243; _module_preset=&#8221;default&#8221; global_colors_info=&#8221;{}&#8221;][et_pb_code _builder_version=&#8221;4.16&#8243; _module_preset=&#8221;default&#8221; global_colors_info=&#8221;{}&#8221;]<script type=\"text\/javascript\" src=\"https:\/\/static.panomax.com\/front\/gallerythumb\/2.0\/gt.js\"><\/script><script type=\"text\/javascript\">PmaxGThumb.place({key: \"1326000967\"});<\/script><!-- see https:\/\/static.panomax.com\/front\/gallerythumb\/2.0\/example.html for more display options -->[\/et_pb_code][\/et_pb_column][et_pb_column type=&#8221;1_2&#8243; _builder_version=&#8221;4.16&#8243; _module_preset=&#8221;default&#8221; global_colors_info=&#8221;{}&#8221;][et_pb_code _builder_version=&#8221;4.16&#8243; _module_preset=&#8221;default&#8221; global_colors_info=&#8221;{}&#8221;]<script type=\"text\/javascript\" src=\"https:\/\/static.panomax.com\/front\/gallerythumb\/2.0\/gt.js\"><\/script><script type=\"text\/javascript\">PmaxGThumb.place({key: \"1342000128\"});<\/script><!-- see https:\/\/static.panomax.com\/front\/gallerythumb\/2.0\/example.html for more display options -->[\/et_pb_code][\/et_pb_column][\/et_pb_row][et_pb_row column_structure=&#8221;1_4,1_4,1_4,1_4&#8243; _builder_version=&#8221;4.16&#8243; _module_preset=&#8221;4bf8f618-74fe-4547-81e7-a70309dd37b7&#8243; global_colors_info=&#8221;{}&#8221;][et_pb_column type=&#8221;1_4&#8243; _builder_version=&#8221;4.16&#8243; _module_preset=&#8221;default&#8221; global_colors_info=&#8221;{}&#8221;][et_pb_code _builder_version=&#8221;4.19.4&#8243; _module_preset=&#8221;default&#8221; global_colors_info=&#8221;{}&#8221;]<a href=\"https:\/\/webtv.feratel.com\/webtv\/?pg=5EB12424-7C2D-428A-BEFF-0C9140CD772F&amp;design=v4&amp;cam=5741\" target=\"_blank\" rel=\"noopener\"><img decoding=\"async\" data-skip-lazy=\"\" src=\"https:\/\/wtvthmb.feratel.com\/thumbnails\/5741.jpeg?t=38&amp;dcsdesign=WTP_partner&amp;design=v4\"><\/a>[\/et_pb_code][\/et_pb_column][et_pb_column type=&#8221;1_4&#8243; _builder_version=&#8221;4.16&#8243; _module_preset=&#8221;default&#8221; global_colors_info=&#8221;{}&#8221;][et_pb_code _builder_version=&#8221;4.19.4&#8243; _module_preset=&#8221;default&#8221; global_colors_info=&#8221;{}&#8221;]<a href=\"https:\/\/webtv.feratel.com\/webtv\/?pg=5EB12424-7C2D-428A-BEFF-0C9140CD772F&amp;design=v4&amp;cam=5742\" target=\"_blank\" rel=\"noopener\"><img decoding=\"async\" data-skip-lazy=\"\" src=\"https:\/\/wtvthmb.feratel.com\/thumbnails\/5742.jpeg?t=38&amp;dcsdesign=WTP_partner&amp;design=v4\"><\/a>[\/et_pb_code][\/et_pb_column][et_pb_column type=&#8221;1_4&#8243; _builder_version=&#8221;4.16&#8243; _module_preset=&#8221;default&#8221; global_colors_info=&#8221;{}&#8221;][et_pb_code _builder_version=&#8221;4.19.4&#8243; _module_preset=&#8221;default&#8221; global_colors_info=&#8221;{}&#8221;]<a href=\"https:\/\/webtv.feratel.com\/webtv\/?pg=5EB12424-7C2D-428A-BEFF-0C9140CD772F&amp;design=v4&amp;cam=5740\" target=\"_blank\" rel=\"noopener\"><img decoding=\"async\" data-skip-lazy=\"\" src=\"https:\/\/wtvthmb.feratel.com\/thumbnails\/5740.jpeg?t=38&amp;dcsdesign=WTP_partner&amp;design=v4\"><\/a><!-- [et_pb_line_break_holder] -->[\/et_pb_code][\/et_pb_column][et_pb_column type=&#8221;1_4&#8243; _builder_version=&#8221;4.16&#8243; _module_preset=&#8221;default&#8221; global_colors_info=&#8221;{}&#8221;][et_pb_code _builder_version=&#8221;4.19.4&#8243; _module_preset=&#8221;default&#8221; global_colors_info=&#8221;{}&#8221;]<a href=\"https:\/\/webtv.feratel.com\/webtv\/?pg=5EB12424-7C2D-428A-BEFF-0C9140CD772F&amp;design=v4&amp;cam=5617\" target=\"_blank\" rel=\"noopener\"><img decoding=\"async\" data-skip-lazy=\"\" src=\"https:\/\/wtvthmb.feratel.com\/thumbnails\/5617.jpeg?t=38&amp;dcsdesign=WTP_partner&amp;design=v4\"><\/a>[\/et_pb_code][\/et_pb_column][\/et_pb_row][\/et_pb_section][et_pb_section fb_built=&#8221;1&#8243; fullwidth=&#8221;on&#8221; _builder_version=&#8221;4.16&#8243; _module_preset=&#8221;default&#8221; global_colors_info=&#8221;{}&#8221;][et_pb_fullwidth_slider _builder_version=&#8221;4.16&#8243; _module_preset=&#8221;49ea18e6-da41-4131-8fb5-f637d277d123&#8243; height_tablet=&#8221;50vh&#8221; height_phone=&#8221;&#8221; height_last_edited=&#8221;on|tablet&#8221; global_colors_info=&#8221;{}&#8221;][et_pb_slide heading=&#8221;More impressions&#8221; button_text=&#8221;Visit us on Instagram&#8221; button_link=&#8221;https:\/\/instagram.com\/hotelpostlermoos&#8221; url_new_window=&#8221;on&#8221; _builder_version=&#8221;4.16&#8243; _module_preset=&#8221;default&#8221; background_image=&#8221;https:\/\/www.post-lermoos.at\/wp-content\/uploads\/bilder\/pakete\/header\/mg_9142.jpg&#8221; body_font_size_phone=&#8221;3.3rem&#8221; global_colors_info=&#8221;{}&#8221; sticky_transition=&#8221;on&#8221;]<\/p>\n<p>To looking forward<\/p>\n<p>[\/et_pb_slide][\/et_pb_fullwidth_slider][\/et_pb_section]<\/p>\n","protected":false},"excerpt":{"rendered":"<p>\n\t\t\t\t<p class=\"rs-p-wp-fix\"><\/p>\n\t\t\t\t<sr7-module data-alias=\"hotel-post-Subpage\" data-id=\"10\" id=\"SR7_10_2\" class=\"rs-ov-hidden\" data-version=\"6.7.54\">\n\t\t\t\t\t<sr7-adjuster><\/sr7-adjuster>\n\t\t\t\t\t<sr7-content>\n\t\t\t\t\t\t<sr7-slide id=\"SR7_10_2-117STR1\" data-key=\"117STR1\">\n\t\t\t\t\t\t\t<h1 id=\"SR7_10_2-117STR1-2\" class=\"sr7-layer\"><span class=\"dwSliderHead dwSliderLine1\">Impressions<\/span><br \/><span class=\"dwSliderHead dwSliderLine2\">from and around Lermoos<\/span><\/h1>\n\t\t\t\t\t\t<\/sr7-slide>\n\t\t\t\t\t\t<sr7-slide id=\"SR7_10_2-180\" data-key=\"180\">\n\t\t\t\t\t\t<\/sr7-slide>\n\t\t\t\t\t<\/sr7-content>\n\t\t\t\t\t<image_lists style=\"display:none\">\n\t\t\t\t\t\t<img data-src=\"\/\/www.post-lermoos.at\/wp-content\/uploads\/layout\/header\/start\/post_lermoos_0118-3321-scaled.jpg\" data-libid=\"9063\" data-lib=\"medialibrary\" alt=\"Dampfender Pool vor Haus im Winter\" title=\"post_lermoos_0118-3321\" width=\"0\" height=\"0\" data-dbsrc=\"Ly93d3cucG9zdC1sZXJtb29zLmF0L3dwLWNvbnRlbnQvdXBsb2Fkcy9sYXlvdXQvaGVhZGVyL3N0YXJ0L3Bvc3RfbGVybW9vc18wMTE4LTMzMjEtc2NhbGVkLmpwZw==\"\/>\n\t\t\t\t\t\t<img data-src=\"\/\/dev.post-lermoos.at\/wp-content\/uploads\/bilder\/spa\/post_hotel_saunahaus_sommer_by-guenterstandl.jpg\" width=\"0\" height=\"0\" data-dbsrc=\"Ly9kZXYucG9zdC1sZXJtb29zLmF0L3dwLWNvbnRlbnQvdXBsb2Fkcy9iaWxkZXIvc3BhL3Bvc3RfaG90ZWxfc2F1bmFoYXVzX3NvbW1lcl9ieS1ndWVudGVyc3RhbmRsLmpwZw==\"\/>\n\t\t\t\t\t<\/image_lists>\n\t\t\t\t<\/sr7-module>\n\t\t\t\t<script>\n\t\t\t\t\twindow.SR7 ??={};SR7.PMH ??={}; SR7.PMH[\"SR7_10_2\"] = {cn:100,state:false,fn: function() { if (window._tpt!==undefined && window._tpt.prepareModuleHeight !== undefined) {  _tpt.prepareModuleHeight({id:\"SR7_10_2\",el:[900,900,900,900,720],type:'hero',shdw:'0',gh:[900,900,900,900,720],gw:[1240,1240,1240,1240,480],vpt:['-200px&#039;,&#039;-200px&#039;,&#039;-200px&#039;,&#039;-200px&#039;,&#039;-200px'],size:{fullWidth:true, fullHeight:true},fho:'',mh:'0',onh:0,onw:0,bg:{color:'{\"orig\":\"transparent\",\"type\":\"solid\",\"string\":\"transparent\"}'}});   SR7.PMH[\"SR7_10_2\"].state=true;} else if(SR7.PMH[\"SR7_10_2\"].cn-->0)\tsetTimeout( SR7.PMH[\"SR7_10_2\"].fn,19);}};SR7.PMH[\"SR7_10_2\" ].fn();\n\t\t\t\t<\/script>\nPost InsightsA live view of your vacation region in Lermoos, TyrolSimply &#8220;enjoy&#8221; your holiday at the Hotel Post in Lermoos. Even in bad weather, there is a lot to experience with us. You can find our tips on our blog.Clicking on the image opens the Panomax camera.To looking forward<\/p>\n","protected":false},"author":7,"featured_media":2485,"parent":4583,"menu_order":37,"comment_status":"closed","ping_status":"closed","template":"","meta":{"_acf_changed":false,"_et_pb_use_builder":"on","_et_pb_old_content":"","_et_gb_content_width":"","inline_featured_image":false,"footnotes":""},"class_list":["post-5754","page","type-page","status-publish","has-post-thumbnail","hentry"],"acf":[],"yoast_head":"<!-- This site is optimized with the Yoast SEO plugin v27.5 - https:\/\/yoast.com\/product\/yoast-seo-wordpress\/ -->\n<title>Webcams - Alpine Luxury Hotel Post Lermoos 4*S<\/title>\n<meta name=\"description\" content=\"Get live images from our webcams at home in your living room. See for yourself the weather conditions on holiday.\" \/>\n<meta name=\"robots\" content=\"index, follow, max-snippet:-1, max-image-preview:large, max-video-preview:-1\" \/>\n<link rel=\"canonical\" href=\"https:\/\/dev.post-lermoos.at\/en\/home\/livecams\/\" \/>\n<meta property=\"og:locale\" content=\"en_US\" \/>\n<meta property=\"og:type\" content=\"article\" \/>\n<meta property=\"og:title\" content=\"Webcams - Alpine Luxury Hotel Post Lermoos 4*S\" \/>\n<meta property=\"og:description\" content=\"Get live images from our webcams at home in your living room. See for yourself the weather conditions on holiday.\" \/>\n<meta property=\"og:url\" content=\"https:\/\/dev.post-lermoos.at\/en\/home\/livecams\/\" \/>\n<meta property=\"og:site_name\" content=\"Hotel Post 4*s\" \/>\n<meta property=\"article:publisher\" content=\"https:\/\/www.facebook.com\/hotelpost.lermoos\" \/>\n<meta property=\"article:modified_time\" content=\"2026-04-13T13:56:58+00:00\" \/>\n<meta property=\"og:image\" content=\"https:\/\/dev.post-lermoos.at\/wp-content\/uploads\/bilder\/spa\/post_hotel_saunahaus_sommer_by-guenterstandl.jpg\" \/>\n\t<meta property=\"og:image:width\" content=\"2560\" \/>\n\t<meta property=\"og:image:height\" content=\"1709\" \/>\n\t<meta property=\"og:image:type\" content=\"image\/jpeg\" \/>\n<meta name=\"twitter:label1\" content=\"Est. reading time\" \/>\n\t<meta name=\"twitter:data1\" content=\"4 minutes\" \/>\n<!-- \/ Yoast SEO plugin. -->","yoast_head_json":{"title":"Webcams - Alpine Luxury Hotel Post Lermoos 4*S","description":"Get live images from our webcams at home in your living room. See for yourself the weather conditions on holiday.","robots":{"index":"index","follow":"follow","max-snippet":"max-snippet:-1","max-image-preview":"max-image-preview:large","max-video-preview":"max-video-preview:-1"},"canonical":"https:\/\/dev.post-lermoos.at\/en\/home\/livecams\/","og_locale":"en_US","og_type":"article","og_title":"Webcams - Alpine Luxury Hotel Post Lermoos 4*S","og_description":"Get live images from our webcams at home in your living room. See for yourself the weather conditions on holiday.","og_url":"https:\/\/dev.post-lermoos.at\/en\/home\/livecams\/","og_site_name":"Hotel Post 4*s","article_publisher":"https:\/\/www.facebook.com\/hotelpost.lermoos","article_modified_time":"2026-04-13T13:56:58+00:00","og_image":[{"width":2560,"height":1709,"url":"https:\/\/dev.post-lermoos.at\/wp-content\/uploads\/bilder\/spa\/post_hotel_saunahaus_sommer_by-guenterstandl.jpg","type":"image\/jpeg"}],"twitter_misc":{"Est. reading time":"4 minutes"},"schema":{"@context":"https:\/\/schema.org","@graph":[{"@type":"WebPage","@id":"https:\/\/dev.post-lermoos.at\/en\/home\/livecams\/","url":"https:\/\/dev.post-lermoos.at\/en\/home\/livecams\/","name":"Webcams - Alpine Luxury Hotel Post Lermoos 4*S","isPartOf":{"@id":"https:\/\/dev.post-lermoos.at\/en\/#website"},"primaryImageOfPage":{"@id":"https:\/\/dev.post-lermoos.at\/en\/home\/livecams\/#primaryimage"},"image":{"@id":"https:\/\/dev.post-lermoos.at\/en\/home\/livecams\/#primaryimage"},"thumbnailUrl":"https:\/\/dev.post-lermoos.at\/wp-content\/uploads\/bilder\/spa\/post_hotel_saunahaus_sommer_by-guenterstandl.jpg","datePublished":"2021-04-27T20:28:21+00:00","dateModified":"2026-04-13T13:56:58+00:00","description":"Get live images from our webcams at home in your living room. See for yourself the weather conditions on holiday.","breadcrumb":{"@id":"https:\/\/dev.post-lermoos.at\/en\/home\/livecams\/#breadcrumb"},"inLanguage":"en-US","potentialAction":[{"@type":"ReadAction","target":["https:\/\/dev.post-lermoos.at\/en\/home\/livecams\/"]}]},{"@type":"ImageObject","inLanguage":"en-US","@id":"https:\/\/dev.post-lermoos.at\/en\/home\/livecams\/#primaryimage","url":"https:\/\/dev.post-lermoos.at\/wp-content\/uploads\/bilder\/spa\/post_hotel_saunahaus_sommer_by-guenterstandl.jpg","contentUrl":"https:\/\/dev.post-lermoos.at\/wp-content\/uploads\/bilder\/spa\/post_hotel_saunahaus_sommer_by-guenterstandl.jpg","width":2560,"height":1709,"caption":"Die Fotos d\u00fcrfen ausschlie\u00dflich f\u00fcr PR- und Marketingma\u00dfnahmen des \"Hotel POST - A-Lermoos - Tirol\" verwendet werden. Jegliche Nutzung Dritter ist mit dem Bildautor (www.guenterstandl.de) gesondert zu vereinbaren."},{"@type":"BreadcrumbList","@id":"https:\/\/dev.post-lermoos.at\/en\/home\/livecams\/#breadcrumb","itemListElement":[{"@type":"ListItem","position":1,"name":"Home","item":"https:\/\/dev.post-lermoos.at\/en\/"},{"@type":"ListItem","position":2,"name":"Home","item":"https:\/\/dev.post-lermoos.at\/en\/"},{"@type":"ListItem","position":3,"name":"Livecams"}]},{"@type":"WebSite","@id":"https:\/\/dev.post-lermoos.at\/en\/#website","url":"https:\/\/dev.post-lermoos.at\/en\/","name":"Hotel Post 4*s","description":"Alpine Luxury Gourmet &amp; SPA Post 4*s","publisher":{"@id":"https:\/\/dev.post-lermoos.at\/en\/#organization"},"potentialAction":[{"@type":"SearchAction","target":{"@type":"EntryPoint","urlTemplate":"https:\/\/dev.post-lermoos.at\/en\/?s={search_term_string}"},"query-input":{"@type":"PropertyValueSpecification","valueRequired":true,"valueName":"search_term_string"}}],"inLanguage":"en-US"},{"@type":"Organization","@id":"https:\/\/dev.post-lermoos.at\/en\/#organization","name":"ALPINE LUXURY HOTEL, GOURMET & SPA HOTEL POST****S & POSTSCHL\u00d6SSL","url":"https:\/\/dev.post-lermoos.at\/en\/","logo":{"@type":"ImageObject","inLanguage":"en-US","@id":"https:\/\/dev.post-lermoos.at\/en\/#\/schema\/logo\/image\/","url":"https:\/\/www.post-lermoos.at\/wp-content\/uploads\/layout\/icons\/logo.svg","contentUrl":"https:\/\/www.post-lermoos.at\/wp-content\/uploads\/layout\/icons\/logo.svg","width":"1024","height":"1024","caption":"ALPINE LUXURY HOTEL, GOURMET & SPA HOTEL POST****S & POSTSCHL\u00d6SSL"},"image":{"@id":"https:\/\/dev.post-lermoos.at\/en\/#\/schema\/logo\/image\/"},"sameAs":["https:\/\/www.facebook.com\/hotelpost.lermoos","https:\/\/instagram.com\/hotelpostlermoos"]}]}},"_links":{"self":[{"href":"https:\/\/dev.post-lermoos.at\/en\/wp-json\/wp\/v2\/pages\/5754","targetHints":{"allow":["GET"]}}],"collection":[{"href":"https:\/\/dev.post-lermoos.at\/en\/wp-json\/wp\/v2\/pages"}],"about":[{"href":"https:\/\/dev.post-lermoos.at\/en\/wp-json\/wp\/v2\/types\/page"}],"author":[{"embeddable":true,"href":"https:\/\/dev.post-lermoos.at\/en\/wp-json\/wp\/v2\/users\/7"}],"replies":[{"embeddable":true,"href":"https:\/\/dev.post-lermoos.at\/en\/wp-json\/wp\/v2\/comments?post=5754"}],"version-history":[{"count":20,"href":"https:\/\/dev.post-lermoos.at\/en\/wp-json\/wp\/v2\/pages\/5754\/revisions"}],"predecessor-version":[{"id":29958,"href":"https:\/\/dev.post-lermoos.at\/en\/wp-json\/wp\/v2\/pages\/5754\/revisions\/29958"}],"up":[{"embeddable":true,"href":"https:\/\/dev.post-lermoos.at\/en\/wp-json\/wp\/v2\/pages\/4583"}],"wp:featuredmedia":[{"embeddable":true,"href":"https:\/\/dev.post-lermoos.at\/en\/wp-json\/wp\/v2\/media\/2485"}],"wp:attachment":[{"href":"https:\/\/dev.post-lermoos.at\/en\/wp-json\/wp\/v2\/media?parent=5754"}],"curies":[{"name":"wp","href":"https:\/\/api.w.org\/{rel}","templated":true}]}}