{"id":5713,"date":"2021-03-24T14:55:00","date_gmt":"2021-03-24T13:55:00","guid":{"rendered":"https:\/\/www.post-lermoos.at\/spa\/spa-inquiry\/"},"modified":"2026-04-13T16:43:39","modified_gmt":"2026-04-13T14:43:39","slug":"spa-inquiry","status":"publish","type":"page","link":"https:\/\/dev.post-lermoos.at\/en\/spa\/spa-inquiry\/","title":{"rendered":"SPA inquiry"},"content":{"rendered":"<p>[et_pb_section fb_built=&#8221;1&#8243; fullwidth=&#8221;on&#8221; admin_label=&#8221;Slider Header Subpage Section&#8221; module_class=&#8221;dwHeaderSlideContainer&#8221; _builder_version=&#8221;4.9.0&#8243; _module_preset=&#8221;default&#8221; global_module=&#8221;3097&#8243; saved_tabs=&#8221;all&#8221;][et_pb_fullwidth_code admin_label=&#8221;Fullwidth Slider Subpage&#8221; _builder_version=&#8221;4.9.0&#8243; _module_preset=&#8221;default&#8221;]\n\t\t\t\t<p class=\"rs-p-wp-fix\"><\/p>\n\t\t\t\t<sr7-module data-alias=\"hotel-post-Subpage\" data-id=\"10\" id=\"SR7_10_1\" class=\"rs-ov-hidden\" data-version=\"6.7.54\">\n\t\t\t\t\t<sr7-adjuster><\/sr7-adjuster>\n\t\t\t\t\t<sr7-content>\n\t\t\t\t\t\t<sr7-slide id=\"SR7_10_1-117STR1\" data-key=\"117STR1\">\n\t\t\t\t\t\t\t<h1 id=\"SR7_10_1-117STR1-2\" class=\"sr7-layer\"><span class=\"dwSliderHead dwSliderLine1\">Simply ask<\/span><br \/><span class=\"dwSliderHead dwSliderLine2\">UNCONDITIONAL<\/span><\/h1>\n\t\t\t\t\t\t<\/sr7-slide>\n\t\t\t\t\t\t<sr7-slide id=\"SR7_10_1-180\" data-key=\"180\">\n\t\t\t\t\t\t<\/sr7-slide>\n\t\t\t\t\t<\/sr7-content>\n\t\t\t\t\t<image_lists style=\"display:none\">\n\t\t\t\t\t\t<img data-src=\"\/\/www.post-lermoos.at\/wp-content\/uploads\/layout\/header\/start\/post_lermoos_0118-3321-scaled.jpg\" data-libid=\"9063\" data-lib=\"medialibrary\" alt=\"Dampfender Pool vor Haus im Winter\" title=\"post_lermoos_0118-3321\" width=\"0\" height=\"0\" data-dbsrc=\"Ly93d3cucG9zdC1sZXJtb29zLmF0L3dwLWNvbnRlbnQvdXBsb2Fkcy9sYXlvdXQvaGVhZGVyL3N0YXJ0L3Bvc3RfbGVybW9vc18wMTE4LTMzMjEtc2NhbGVkLmpwZw==\"\/>\n\t\t\t\t\t\t<img data-src=\"\/\/dev.post-lermoos.at\/wp-content\/uploads\/bilder\/spa\/post_saunahaus_infrarotliegen-mit-zugspitzblick_sommer_by-guenterstandl.jpg\" width=\"0\" height=\"0\" data-dbsrc=\"Ly9kZXYucG9zdC1sZXJtb29zLmF0L3dwLWNvbnRlbnQvdXBsb2Fkcy9iaWxkZXIvc3BhL3Bvc3Rfc2F1bmFoYXVzX2luZnJhcm90bGllZ2VuLW1pdC16dWdzcGl0emJsaWNrX3NvbW1lcl9ieS1ndWVudGVyc3RhbmRsLmpwZw==\"\/>\n\t\t\t\t\t<\/image_lists>\n\t\t\t\t<\/sr7-module>\n\t\t\t\t<script>\n\t\t\t\t\twindow.SR7 ??={};SR7.PMH ??={}; SR7.PMH[\"SR7_10_1\"] = {cn:100,state:false,fn: function() { if (window._tpt!==undefined && window._tpt.prepareModuleHeight !== undefined) {  _tpt.prepareModuleHeight({id:\"SR7_10_1\",el:[900,900,900,900,720],type:'hero',shdw:'0',gh:[900,900,900,900,720],gw:[1240,1240,1240,1240,480],vpt:['-200px&#039;,&#039;-200px&#039;,&#039;-200px&#039;,&#039;-200px&#039;,&#039;-200px'],size:{fullWidth:true, fullHeight:true},fho:'',mh:'0',onh:0,onw:0,bg:{color:'{\"orig\":\"transparent\",\"type\":\"solid\",\"string\":\"transparent\"}'}});   SR7.PMH[\"SR7_10_1\"].state=true;} else if(SR7.PMH[\"SR7_10_1\"].cn-->0)\tsetTimeout( SR7.PMH[\"SR7_10_1\"].fn,19);}};SR7.PMH[\"SR7_10_1\" ].fn();\n\t\t\t\t<\/script>\n[\/et_pb_fullwidth_code][\/et_pb_section][et_pb_section fb_built=&#8221;1&#8243; _builder_version=&#8221;4.9.2&#8243; _module_preset=&#8221;default&#8221;][et_pb_row _builder_version=&#8221;4.9.2&#8243; _module_preset=&#8221;default&#8221;][et_pb_column type=&#8221;4_4&#8243; _builder_version=&#8221;4.9.2&#8243; _module_preset=&#8221;default&#8221;][et_pb_text _builder_version=&#8221;4.9.2&#8243; _module_preset=&#8221;default&#8221; hover_enabled=&#8221;0&#8243; sticky_enabled=&#8221;0&#8243;]\n<div class=\"wpcf7 no-js\" id=\"wpcf7-f5723-o1\" lang=\"en-US\" dir=\"ltr\" data-wpcf7-id=\"5723\">\n<div class=\"screen-reader-response\"><p role=\"status\" aria-live=\"polite\" aria-atomic=\"true\"><\/p> <ul><\/ul><\/div>\n<form action=\"\/en\/wp-json\/wp\/v2\/pages\/5713#wpcf7-f5723-o1\" method=\"post\" class=\"wpcf7-form init form contact-form spa-form-5583\" aria-label=\"Contact form\" novalidate=\"novalidate\" data-status=\"init\">\n<fieldset class=\"hidden-fields-container\"><input type=\"hidden\" name=\"_wpcf7\" value=\"5723\" \/><input type=\"hidden\" name=\"_wpcf7_version\" value=\"6.1.5\" \/><input type=\"hidden\" name=\"_wpcf7_locale\" value=\"en_US\" \/><input type=\"hidden\" name=\"_wpcf7_unit_tag\" value=\"wpcf7-f5723-o1\" \/><input type=\"hidden\" name=\"_wpcf7_container_post\" value=\"0\" \/><input type=\"hidden\" name=\"_wpcf7_posted_data_hash\" value=\"\" \/><input type=\"hidden\" name=\"_wpcf7cf_hidden_group_fields\" value=\"[]\" \/><input type=\"hidden\" name=\"_wpcf7cf_hidden_groups\" value=\"[]\" \/><input type=\"hidden\" name=\"_wpcf7cf_visible_groups\" value=\"[]\" \/><input type=\"hidden\" name=\"_wpcf7cf_repeaters\" value=\"[]\" \/><input type=\"hidden\" name=\"_wpcf7cf_steps\" value=\"{}\" \/><input type=\"hidden\" name=\"_wpcf7cf_options\" value=\"{&quot;form_id&quot;:5723,&quot;conditions&quot;:[],&quot;settings&quot;:{&quot;animation&quot;:&quot;yes&quot;,&quot;animation_intime&quot;:200,&quot;animation_outtime&quot;:200,&quot;conditions_ui&quot;:&quot;normal&quot;,&quot;notice_dismissed&quot;:false,&quot;notice_dismissed_rollback-cf7-5.5.1&quot;:true,&quot;notice_dismissed_rollback-cf7-5.5.5&quot;:true,&quot;notice_dismissed_update-cf7-5.6&quot;:true,&quot;notice_dismissed_update-cf7-5.9.5&quot;:true,&quot;notice_dismissed_update-cf7-5.9.6&quot;:true,&quot;notice_dismissed_update-cf7-6.0&quot;:true,&quot;notice_dismissed_update-cf7-6.1.1&quot;:true,&quot;notice_dismissed_update-cf7-6.1.2&quot;:true,&quot;notice_dismissed_update-cf7-6.1.3&quot;:true}}\" \/>\n<\/fieldset>\n<fieldset>\n\t<legend><br \/>\nDate\n\t<\/legend>\n\t<p><label for=\"date-659-ankunft\">Arrival<\/label><br \/>\n<span class=\"wpcf7-form-control-wrap\" data-name=\"date-659-ankunft\"><input class=\"wpcf7-form-control wpcf7-date wpcf7-validates-as-date\" min=\"2026-05-10\" aria-invalid=\"false\" value=\"\" type=\"date\" name=\"date-659-ankunft\" \/><\/span><br \/>\n<label for=\"date-660-abreise\">Departure<\/label><br \/>\n<span class=\"wpcf7-form-control-wrap\" data-name=\"date-660-abreise\"><input class=\"wpcf7-form-control wpcf7-date wpcf7-validates-as-date\" min=\"2026-05-10\" aria-invalid=\"false\" value=\"\" type=\"date\" name=\"date-660-abreise\" \/><\/span>\n\t<\/p>\n<\/fieldset>\n<p><label for=\"text-894-package\">Desired SPA treatment<\/label><br \/>\n<span class=\"wpcf7-form-control-wrap\" data-name=\"text-894-package\"><input size=\"40\" maxlength=\"400\" class=\"wpcf7-form-control wpcf7-text\" aria-invalid=\"false\" value=\"\" type=\"text\" name=\"text-894-package\" \/><\/span><br \/>\n<label for=\"text-812-terminwunsch\">Appointment request<\/label><br \/>\n<span class=\"wpcf7-form-control-wrap\" data-name=\"text-812-terminwunsch\"><textarea cols=\"40\" rows=\"10\" maxlength=\"2000\" class=\"wpcf7-form-control wpcf7-textarea\" aria-invalid=\"false\" name=\"text-812-terminwunsch\"><\/textarea><\/span>\n<\/p>\n<fieldset>\n\t<legend>Personal\n\t<\/legend>\n\t<p><label for=\"text-812-vorname\">Name<\/label><br \/>\n<span class=\"wpcf7-form-control-wrap\" data-name=\"text-812-vorname\"><input size=\"40\" maxlength=\"400\" class=\"wpcf7-form-control wpcf7-text wpcf7-validates-as-required\" aria-required=\"true\" aria-invalid=\"false\" value=\"\" type=\"text\" name=\"text-812-vorname\" \/><\/span><br \/>\n<label for=\"text-812-nachname\">Surname<\/label><br \/>\n<span class=\"wpcf7-form-control-wrap\" data-name=\"text-812-nachname\"><input size=\"40\" maxlength=\"400\" class=\"wpcf7-form-control wpcf7-text wpcf7-validates-as-required\" aria-required=\"true\" aria-invalid=\"false\" value=\"\" type=\"text\" name=\"text-812-nachname\" \/><\/span>\n\t<\/p>\n<\/fieldset>\n<fieldset>\n\t<p><label for=\"email-332\">E-mail<\/label><br \/>\n<span class=\"wpcf7-form-control-wrap\" data-name=\"email-332\"><input size=\"40\" maxlength=\"400\" class=\"wpcf7-form-control wpcf7-email wpcf7-validates-as-required wpcf7-text wpcf7-validates-as-email\" aria-required=\"true\" aria-invalid=\"false\" value=\"\" type=\"email\" name=\"email-332\" \/><\/span><br \/>\n<label for=\"tel-229\">Tel.<\/label><br \/>\n<span class=\"wpcf7-form-control-wrap\" data-name=\"tel-229\"><input size=\"40\" maxlength=\"400\" class=\"wpcf7-form-control wpcf7-tel wpcf7-text wpcf7-validates-as-tel\" aria-invalid=\"false\" value=\"\" type=\"tel\" name=\"tel-229\" \/><\/span>\n\t<\/p>\n<\/fieldset>\n<p><input class=\"wpcf7-form-control wpcf7-submit has-spinner\" type=\"submit\" value=\"Abschicken\" \/>\n<\/p><div class=\"wpcf7-response-output\" aria-hidden=\"true\"><\/div>\n<\/form>\n<\/div>\n[\/et_pb_text][\/et_pb_column][\/et_pb_row][\/et_pb_section]<\/p>\n","protected":false},"excerpt":{"rendered":"<p>\n\t\t\t\t<p class=\"rs-p-wp-fix\"><\/p>\n\t\t\t\t<sr7-module data-alias=\"hotel-post-Subpage\" data-id=\"10\" id=\"SR7_10_2\" class=\"rs-ov-hidden\" data-version=\"6.7.54\">\n\t\t\t\t\t<sr7-adjuster><\/sr7-adjuster>\n\t\t\t\t\t<sr7-content>\n\t\t\t\t\t\t<sr7-slide id=\"SR7_10_2-117STR1\" data-key=\"117STR1\">\n\t\t\t\t\t\t\t<h1 id=\"SR7_10_2-117STR1-2\" class=\"sr7-layer\"><span class=\"dwSliderHead dwSliderLine1\">Simply ask<\/span><br \/><span class=\"dwSliderHead dwSliderLine2\">UNCONDITIONAL<\/span><\/h1>\n\t\t\t\t\t\t<\/sr7-slide>\n\t\t\t\t\t\t<sr7-slide id=\"SR7_10_2-180\" data-key=\"180\">\n\t\t\t\t\t\t<\/sr7-slide>\n\t\t\t\t\t<\/sr7-content>\n\t\t\t\t\t<image_lists style=\"display:none\">\n\t\t\t\t\t\t<img data-src=\"\/\/www.post-lermoos.at\/wp-content\/uploads\/layout\/header\/start\/post_lermoos_0118-3321-scaled.jpg\" data-libid=\"9063\" data-lib=\"medialibrary\" alt=\"Dampfender Pool vor Haus im Winter\" title=\"post_lermoos_0118-3321\" width=\"0\" height=\"0\" data-dbsrc=\"Ly93d3cucG9zdC1sZXJtb29zLmF0L3dwLWNvbnRlbnQvdXBsb2Fkcy9sYXlvdXQvaGVhZGVyL3N0YXJ0L3Bvc3RfbGVybW9vc18wMTE4LTMzMjEtc2NhbGVkLmpwZw==\"\/>\n\t\t\t\t\t\t<img data-src=\"\/\/dev.post-lermoos.at\/wp-content\/uploads\/bilder\/spa\/post_saunahaus_infrarotliegen-mit-zugspitzblick_sommer_by-guenterstandl.jpg\" width=\"0\" height=\"0\" data-dbsrc=\"Ly9kZXYucG9zdC1sZXJtb29zLmF0L3dwLWNvbnRlbnQvdXBsb2Fkcy9iaWxkZXIvc3BhL3Bvc3Rfc2F1bmFoYXVzX2luZnJhcm90bGllZ2VuLW1pdC16dWdzcGl0emJsaWNrX3NvbW1lcl9ieS1ndWVudGVyc3RhbmRsLmpwZw==\"\/>\n\t\t\t\t\t<\/image_lists>\n\t\t\t\t<\/sr7-module>\n\t\t\t\t<script>\n\t\t\t\t\twindow.SR7 ??={};SR7.PMH ??={}; SR7.PMH[\"SR7_10_2\"] = {cn:100,state:false,fn: function() { if (window._tpt!==undefined && window._tpt.prepareModuleHeight !== undefined) {  _tpt.prepareModuleHeight({id:\"SR7_10_2\",el:[900,900,900,900,720],type:'hero',shdw:'0',gh:[900,900,900,900,720],gw:[1240,1240,1240,1240,480],vpt:['-200px&#039;,&#039;-200px&#039;,&#039;-200px&#039;,&#039;-200px&#039;,&#039;-200px'],size:{fullWidth:true, fullHeight:true},fho:'',mh:'0',onh:0,onw:0,bg:{color:'{\"orig\":\"transparent\",\"type\":\"solid\",\"string\":\"transparent\"}'}});   SR7.PMH[\"SR7_10_2\"].state=true;} else if(SR7.PMH[\"SR7_10_2\"].cn-->0)\tsetTimeout( SR7.PMH[\"SR7_10_2\"].fn,19);}};SR7.PMH[\"SR7_10_2\" ].fn();\n\t\t\t\t<\/script>\n\n<div class=\"wpcf7 no-js\" id=\"wpcf7-f5723-o2\" lang=\"en-US\" dir=\"ltr\" data-wpcf7-id=\"5723\">\n<div class=\"screen-reader-response\"><p role=\"status\" aria-live=\"polite\" aria-atomic=\"true\"><\/p> <ul><\/ul><\/div>\n<form action=\"\/en\/wp-json\/wp\/v2\/pages\/5713#wpcf7-f5723-o2\" method=\"post\" class=\"wpcf7-form init form contact-form spa-form-5583\" aria-label=\"Contact form\" novalidate=\"novalidate\" data-status=\"init\">\n<fieldset class=\"hidden-fields-container\"><input type=\"hidden\" name=\"_wpcf7\" value=\"5723\" \/><input type=\"hidden\" name=\"_wpcf7_version\" value=\"6.1.5\" \/><input type=\"hidden\" name=\"_wpcf7_locale\" value=\"en_US\" \/><input type=\"hidden\" name=\"_wpcf7_unit_tag\" value=\"wpcf7-f5723-o2\" \/><input type=\"hidden\" name=\"_wpcf7_container_post\" value=\"0\" \/><input type=\"hidden\" name=\"_wpcf7_posted_data_hash\" value=\"\" \/><input type=\"hidden\" name=\"_wpcf7cf_hidden_group_fields\" value=\"[]\" \/><input type=\"hidden\" name=\"_wpcf7cf_hidden_groups\" value=\"[]\" \/><input type=\"hidden\" name=\"_wpcf7cf_visible_groups\" value=\"[]\" \/><input type=\"hidden\" name=\"_wpcf7cf_repeaters\" value=\"[]\" \/><input type=\"hidden\" name=\"_wpcf7cf_steps\" value=\"{}\" \/><input type=\"hidden\" name=\"_wpcf7cf_options\" value=\"{&quot;form_id&quot;:5723,&quot;conditions&quot;:[],&quot;settings&quot;:{&quot;animation&quot;:&quot;yes&quot;,&quot;animation_intime&quot;:200,&quot;animation_outtime&quot;:200,&quot;conditions_ui&quot;:&quot;normal&quot;,&quot;notice_dismissed&quot;:false,&quot;notice_dismissed_rollback-cf7-5.5.1&quot;:true,&quot;notice_dismissed_rollback-cf7-5.5.5&quot;:true,&quot;notice_dismissed_update-cf7-5.6&quot;:true,&quot;notice_dismissed_update-cf7-5.9.5&quot;:true,&quot;notice_dismissed_update-cf7-5.9.6&quot;:true,&quot;notice_dismissed_update-cf7-6.0&quot;:true,&quot;notice_dismissed_update-cf7-6.1.1&quot;:true,&quot;notice_dismissed_update-cf7-6.1.2&quot;:true,&quot;notice_dismissed_update-cf7-6.1.3&quot;:true}}\" \/>\n<\/fieldset>\n<fieldset>\n\t<legend><br \/>\nDate\n\t<\/legend>\n\t<p><label for=\"date-659-ankunft\">Arrival<\/label><br \/>\n<span class=\"wpcf7-form-control-wrap\" data-name=\"date-659-ankunft\"><input class=\"wpcf7-form-control wpcf7-date wpcf7-validates-as-date\" min=\"2026-05-10\" aria-invalid=\"false\" value=\"\" type=\"date\" name=\"date-659-ankunft\" \/><\/span><br \/>\n<label for=\"date-660-abreise\">Departure<\/label><br \/>\n<span class=\"wpcf7-form-control-wrap\" data-name=\"date-660-abreise\"><input class=\"wpcf7-form-control wpcf7-date wpcf7-validates-as-date\" min=\"2026-05-10\" aria-invalid=\"false\" value=\"\" type=\"date\" name=\"date-660-abreise\" \/><\/span>\n\t<\/p>\n<\/fieldset>\n<p><label for=\"text-894-package\">Desired SPA treatment<\/label><br \/>\n<span class=\"wpcf7-form-control-wrap\" data-name=\"text-894-package\"><input size=\"40\" maxlength=\"400\" class=\"wpcf7-form-control wpcf7-text\" aria-invalid=\"false\" value=\"\" type=\"text\" name=\"text-894-package\" \/><\/span><br \/>\n<label for=\"text-812-terminwunsch\">Appointment request<\/label><br \/>\n<span class=\"wpcf7-form-control-wrap\" data-name=\"text-812-terminwunsch\"><textarea cols=\"40\" rows=\"10\" maxlength=\"2000\" class=\"wpcf7-form-control wpcf7-textarea\" aria-invalid=\"false\" name=\"text-812-terminwunsch\"><\/textarea><\/span>\n<\/p>\n<fieldset>\n\t<legend>Personal\n\t<\/legend>\n\t<p><label for=\"text-812-vorname\">Name<\/label><br \/>\n<span class=\"wpcf7-form-control-wrap\" data-name=\"text-812-vorname\"><input size=\"40\" maxlength=\"400\" class=\"wpcf7-form-control wpcf7-text wpcf7-validates-as-required\" aria-required=\"true\" aria-invalid=\"false\" value=\"\" type=\"text\" name=\"text-812-vorname\" \/><\/span><br \/>\n<label for=\"text-812-nachname\">Surname<\/label><br \/>\n<span class=\"wpcf7-form-control-wrap\" data-name=\"text-812-nachname\"><input size=\"40\" maxlength=\"400\" class=\"wpcf7-form-control wpcf7-text wpcf7-validates-as-required\" aria-required=\"true\" aria-invalid=\"false\" value=\"\" type=\"text\" name=\"text-812-nachname\" \/><\/span>\n\t<\/p>\n<\/fieldset>\n<fieldset>\n\t<p><label for=\"email-332\">E-mail<\/label><br \/>\n<span class=\"wpcf7-form-control-wrap\" data-name=\"email-332\"><input size=\"40\" maxlength=\"400\" class=\"wpcf7-form-control wpcf7-email wpcf7-validates-as-required wpcf7-text wpcf7-validates-as-email\" aria-required=\"true\" aria-invalid=\"false\" value=\"\" type=\"email\" name=\"email-332\" \/><\/span><br \/>\n<label for=\"tel-229\">Tel.<\/label><br \/>\n<span class=\"wpcf7-form-control-wrap\" data-name=\"tel-229\"><input size=\"40\" maxlength=\"400\" class=\"wpcf7-form-control wpcf7-tel wpcf7-text wpcf7-validates-as-tel\" aria-invalid=\"false\" value=\"\" type=\"tel\" name=\"tel-229\" \/><\/span>\n\t<\/p>\n<\/fieldset>\n<p><input class=\"wpcf7-form-control wpcf7-submit has-spinner\" type=\"submit\" value=\"Abschicken\" \/>\n<\/p><div class=\"wpcf7-response-output\" aria-hidden=\"true\"><\/div>\n<\/form>\n<\/div>\n<\/p>\n","protected":false},"author":9,"featured_media":2499,"parent":4875,"menu_order":60,"comment_status":"closed","ping_status":"closed","template":"","meta":{"_acf_changed":false,"_et_pb_use_builder":"on","_et_pb_old_content":"","_et_gb_content_width":"","inline_featured_image":false,"footnotes":""},"class_list":["post-5713","page","type-page","status-publish","has-post-thumbnail","hentry"],"acf":[],"yoast_head":"<!-- This site is optimized with the Yoast SEO plugin v27.5 - https:\/\/yoast.com\/product\/yoast-seo-wordpress\/ -->\n<title>SPA inquiry - Hotel Post 4*s<\/title>\n<meta name=\"description\" content=\"Reserve an appointment now for a special spa stay with us.\" \/>\n<meta name=\"robots\" content=\"noindex, follow\" \/>\n<meta property=\"og:locale\" content=\"en_US\" \/>\n<meta property=\"og:type\" content=\"article\" \/>\n<meta property=\"og:title\" content=\"SPA inquiry - Hotel Post 4*s\" \/>\n<meta property=\"og:description\" content=\"Reserve an appointment now for a special spa stay with us.\" \/>\n<meta property=\"og:url\" content=\"https:\/\/dev.post-lermoos.at\/en\/spa\/spa-inquiry\/\" \/>\n<meta property=\"og:site_name\" content=\"Hotel Post 4*s\" \/>\n<meta property=\"article:publisher\" content=\"https:\/\/www.facebook.com\/hotelpost.lermoos\" \/>\n<meta property=\"article:modified_time\" content=\"2026-04-13T14:43:39+00:00\" \/>\n<meta property=\"og:image\" content=\"https:\/\/dev.post-lermoos.at\/wp-content\/uploads\/bilder\/spa\/post_saunahaus_infrarotliegen-mit-zugspitzblick_sommer_by-guenterstandl.jpg\" \/>\n\t<meta property=\"og:image:width\" content=\"2560\" \/>\n\t<meta property=\"og:image:height\" content=\"1709\" \/>\n\t<meta property=\"og:image:type\" content=\"image\/jpeg\" \/>\n<meta name=\"twitter:label1\" content=\"Est. reading time\" \/>\n\t<meta name=\"twitter:data1\" content=\"1 minute\" \/>\n<!-- \/ Yoast SEO plugin. -->","yoast_head_json":{"title":"SPA inquiry - Hotel Post 4*s","description":"Reserve an appointment now for a special spa stay with us.","robots":{"index":"noindex","follow":"follow"},"og_locale":"en_US","og_type":"article","og_title":"SPA inquiry - Hotel Post 4*s","og_description":"Reserve an appointment now for a special spa stay with us.","og_url":"https:\/\/dev.post-lermoos.at\/en\/spa\/spa-inquiry\/","og_site_name":"Hotel Post 4*s","article_publisher":"https:\/\/www.facebook.com\/hotelpost.lermoos","article_modified_time":"2026-04-13T14:43:39+00:00","og_image":[{"width":2560,"height":1709,"url":"https:\/\/dev.post-lermoos.at\/wp-content\/uploads\/bilder\/spa\/post_saunahaus_infrarotliegen-mit-zugspitzblick_sommer_by-guenterstandl.jpg","type":"image\/jpeg"}],"twitter_misc":{"Est. reading time":"1 minute"},"schema":{"@context":"https:\/\/schema.org","@graph":[{"@type":"WebPage","@id":"https:\/\/dev.post-lermoos.at\/en\/spa\/spa-inquiry\/","url":"https:\/\/dev.post-lermoos.at\/en\/spa\/spa-inquiry\/","name":"SPA inquiry - Hotel Post 4*s","isPartOf":{"@id":"https:\/\/dev.post-lermoos.at\/en\/#website"},"primaryImageOfPage":{"@id":"https:\/\/dev.post-lermoos.at\/en\/spa\/spa-inquiry\/#primaryimage"},"image":{"@id":"https:\/\/dev.post-lermoos.at\/en\/spa\/spa-inquiry\/#primaryimage"},"thumbnailUrl":"https:\/\/dev.post-lermoos.at\/wp-content\/uploads\/bilder\/spa\/post_saunahaus_infrarotliegen-mit-zugspitzblick_sommer_by-guenterstandl.jpg","datePublished":"2021-03-24T13:55:00+00:00","dateModified":"2026-04-13T14:43:39+00:00","description":"Reserve an appointment now for a special spa stay with us.","breadcrumb":{"@id":"https:\/\/dev.post-lermoos.at\/en\/spa\/spa-inquiry\/#breadcrumb"},"inLanguage":"en-US","potentialAction":[{"@type":"ReadAction","target":["https:\/\/dev.post-lermoos.at\/en\/spa\/spa-inquiry\/"]}]},{"@type":"ImageObject","inLanguage":"en-US","@id":"https:\/\/dev.post-lermoos.at\/en\/spa\/spa-inquiry\/#primaryimage","url":"https:\/\/dev.post-lermoos.at\/wp-content\/uploads\/bilder\/spa\/post_saunahaus_infrarotliegen-mit-zugspitzblick_sommer_by-guenterstandl.jpg","contentUrl":"https:\/\/dev.post-lermoos.at\/wp-content\/uploads\/bilder\/spa\/post_saunahaus_infrarotliegen-mit-zugspitzblick_sommer_by-guenterstandl.jpg","width":2560,"height":1709,"caption":"Die Fotos d\u00fcrfen ausschlie\u00dflich f\u00fcr PR- und Marketingma\u00dfnahmen des \"Hotel POST - A-Lermoos - Tirol\" verwendet werden. Jegliche Nutzung Dritter ist mit dem Bildautor (www.guenterstandl.de) gesondert zu vereinbaren."},{"@type":"BreadcrumbList","@id":"https:\/\/dev.post-lermoos.at\/en\/spa\/spa-inquiry\/#breadcrumb","itemListElement":[{"@type":"ListItem","position":1,"name":"Home","item":"https:\/\/dev.post-lermoos.at\/en\/"},{"@type":"ListItem","position":2,"name":"Wellness &amp; Spa","item":"https:\/\/dev.post-lermoos.at\/en\/spa\/"},{"@type":"ListItem","position":3,"name":"SPA inquiry"}]},{"@type":"WebSite","@id":"https:\/\/dev.post-lermoos.at\/en\/#website","url":"https:\/\/dev.post-lermoos.at\/en\/","name":"Hotel Post 4*s","description":"Alpine Luxury Gourmet &amp; SPA Post 4*s","publisher":{"@id":"https:\/\/dev.post-lermoos.at\/en\/#organization"},"potentialAction":[{"@type":"SearchAction","target":{"@type":"EntryPoint","urlTemplate":"https:\/\/dev.post-lermoos.at\/en\/?s={search_term_string}"},"query-input":{"@type":"PropertyValueSpecification","valueRequired":true,"valueName":"search_term_string"}}],"inLanguage":"en-US"},{"@type":"Organization","@id":"https:\/\/dev.post-lermoos.at\/en\/#organization","name":"ALPINE LUXURY HOTEL, GOURMET & SPA HOTEL POST****S & POSTSCHL\u00d6SSL","url":"https:\/\/dev.post-lermoos.at\/en\/","logo":{"@type":"ImageObject","inLanguage":"en-US","@id":"https:\/\/dev.post-lermoos.at\/en\/#\/schema\/logo\/image\/","url":"https:\/\/www.post-lermoos.at\/wp-content\/uploads\/layout\/icons\/logo.svg","contentUrl":"https:\/\/www.post-lermoos.at\/wp-content\/uploads\/layout\/icons\/logo.svg","width":"1024","height":"1024","caption":"ALPINE LUXURY HOTEL, GOURMET & SPA HOTEL POST****S & POSTSCHL\u00d6SSL"},"image":{"@id":"https:\/\/dev.post-lermoos.at\/en\/#\/schema\/logo\/image\/"},"sameAs":["https:\/\/www.facebook.com\/hotelpost.lermoos","https:\/\/instagram.com\/hotelpostlermoos"]}]}},"_links":{"self":[{"href":"https:\/\/dev.post-lermoos.at\/en\/wp-json\/wp\/v2\/pages\/5713","targetHints":{"allow":["GET"]}}],"collection":[{"href":"https:\/\/dev.post-lermoos.at\/en\/wp-json\/wp\/v2\/pages"}],"about":[{"href":"https:\/\/dev.post-lermoos.at\/en\/wp-json\/wp\/v2\/types\/page"}],"author":[{"embeddable":true,"href":"https:\/\/dev.post-lermoos.at\/en\/wp-json\/wp\/v2\/users\/9"}],"replies":[{"embeddable":true,"href":"https:\/\/dev.post-lermoos.at\/en\/wp-json\/wp\/v2\/comments?post=5713"}],"version-history":[{"count":18,"href":"https:\/\/dev.post-lermoos.at\/en\/wp-json\/wp\/v2\/pages\/5713\/revisions"}],"predecessor-version":[{"id":29986,"href":"https:\/\/dev.post-lermoos.at\/en\/wp-json\/wp\/v2\/pages\/5713\/revisions\/29986"}],"up":[{"embeddable":true,"href":"https:\/\/dev.post-lermoos.at\/en\/wp-json\/wp\/v2\/pages\/4875"}],"wp:featuredmedia":[{"embeddable":true,"href":"https:\/\/dev.post-lermoos.at\/en\/wp-json\/wp\/v2\/media\/2499"}],"wp:attachment":[{"href":"https:\/\/dev.post-lermoos.at\/en\/wp-json\/wp\/v2\/media?parent=5713"}],"curies":[{"name":"wp","href":"https:\/\/api.w.org\/{rel}","templated":true}]}}