{"id":29501,"date":"2026-02-26T09:09:46","date_gmt":"2026-02-26T08:09:46","guid":{"rendered":"https:\/\/www.post-lermoos.at\/declaration-of-accessibility\/"},"modified":"2026-02-26T09:09:49","modified_gmt":"2026-02-26T08:09:49","slug":"declaration-of-accessibility","status":"publish","type":"page","link":"https:\/\/dev.post-lermoos.at\/en\/declaration-of-accessibility\/","title":{"rendered":"Declaration of accessibility"},"content":{"rendered":"<p>[et_pb_section fb_built=&#8221;1&#8243; fullwidth=&#8221;on&#8221; admin_label=&#8221;Slider Header Subpage Section&#8221; module_class=&#8221;dwHeaderSlideContainer&#8221; _builder_version=&#8221;4.22.1&#8243; _module_preset=&#8221;default&#8221; background_enable_image=&#8221;off&#8221; global_module=&#8221;3097&#8243; saved_tabs=&#8221;all&#8221; global_colors_info=&#8221;{}&#8221;][et_pb_fullwidth_code admin_label=&#8221;Fullwidth Slider Subpage&#8221; _builder_version=&#8221;4.22.1&#8243; _module_preset=&#8221;default&#8221; background_enable_image=&#8221;off&#8221; global_colors_info=&#8221;{}&#8221;]\n\t\t\t\t<p class=\"rs-p-wp-fix\"><\/p>\n\t\t\t\t<sr7-module data-alias=\"hotel-post-Subpage\" data-id=\"10\" id=\"SR7_10_1\" class=\"rs-ov-hidden\" data-version=\"6.7.54\">\n\t\t\t\t\t<sr7-adjuster><\/sr7-adjuster>\n\t\t\t\t\t<sr7-content>\n\t\t\t\t\t\t<sr7-slide id=\"SR7_10_1-117STR1\" data-key=\"117STR1\">\n\t\t\t\t\t\t\t<h1 id=\"SR7_10_1-117STR1-2\" class=\"sr7-layer\"><span class=\"dwSliderHead dwSliderLine1\"><\/span><br \/><span class=\"dwSliderHead dwSliderLine2\"><\/span><\/h1>\n\t\t\t\t\t\t<\/sr7-slide>\n\t\t\t\t\t\t<sr7-slide id=\"SR7_10_1-180\" data-key=\"180\">\n\t\t\t\t\t\t<\/sr7-slide>\n\t\t\t\t\t<\/sr7-content>\n\t\t\t\t\t<image_lists style=\"display:none\">\n\t\t\t\t\t\t<img data-src=\"\/\/www.post-lermoos.at\/wp-content\/uploads\/layout\/header\/start\/post_lermoos_0118-3321-scaled.jpg\" data-libid=\"9063\" data-lib=\"medialibrary\" alt=\"Dampfender Pool vor Haus im Winter\" title=\"post_lermoos_0118-3321\" width=\"0\" height=\"0\" data-dbsrc=\"Ly93d3cucG9zdC1sZXJtb29zLmF0L3dwLWNvbnRlbnQvdXBsb2Fkcy9sYXlvdXQvaGVhZGVyL3N0YXJ0L3Bvc3RfbGVybW9vc18wMTE4LTMzMjEtc2NhbGVkLmpwZw==\"\/>\n\t\t\t\t\t\t<img data-src=\"\/\/dev.post-lermoos.at\/wp-content\/uploads\/bilder\/bildergalerie\/hotelpool-mit-gartenblick-scaled.jpg\" width=\"0\" height=\"0\" data-dbsrc=\"Ly9kZXYucG9zdC1sZXJtb29zLmF0L3dwLWNvbnRlbnQvdXBsb2Fkcy9iaWxkZXIvYmlsZGVyZ2FsZXJpZS9ob3RlbHBvb2wtbWl0LWdhcnRlbmJsaWNrLXNjYWxlZC5qcGc=\"\/>\n\t\t\t\t\t<\/image_lists>\n\t\t\t\t<\/sr7-module>\n\t\t\t\t<script>\n\t\t\t\t\twindow.SR7 ??={};SR7.PMH ??={}; SR7.PMH[\"SR7_10_1\"] = {cn:100,state:false,fn: function() { if (window._tpt!==undefined && window._tpt.prepareModuleHeight !== undefined) {  _tpt.prepareModuleHeight({id:\"SR7_10_1\",el:[900,900,900,900,720],type:'hero',shdw:'0',gh:[900,900,900,900,720],gw:[1240,1240,1240,1240,480],vpt:['-200px&#039;,&#039;-200px&#039;,&#039;-200px&#039;,&#039;-200px&#039;,&#039;-200px'],size:{fullWidth:true, fullHeight:true},fho:'',mh:'0',onh:0,onw:0,bg:{color:'{\"orig\":\"transparent\",\"type\":\"solid\",\"string\":\"transparent\"}'}});   SR7.PMH[\"SR7_10_1\"].state=true;} else if(SR7.PMH[\"SR7_10_1\"].cn-->0)\tsetTimeout( SR7.PMH[\"SR7_10_1\"].fn,19);}};SR7.PMH[\"SR7_10_1\" ].fn();\n\t\t\t\t<\/script>\n[\/et_pb_fullwidth_code][\/et_pb_section][et_pb_section fb_built=&#8221;1&#8243; _builder_version=&#8221;4.16&#8243; _module_preset=&#8221;default&#8221; global_colors_info=&#8221;{}&#8221;][et_pb_row column_structure=&#8221;1_2,1_2&#8243; _builder_version=&#8221;4.16&#8243; _module_preset=&#8221;4bf8f618-74fe-4547-81e7-a70309dd37b7&#8243; global_colors_info=&#8221;{}&#8221;][et_pb_column type=&#8221;1_2&#8243; _builder_version=&#8221;4.16&#8243; _module_preset=&#8221;default&#8221; global_colors_info=&#8221;{}&#8221;][et_pb_text _builder_version=&#8221;4.27.5&#8243; _module_preset=&#8221;a71c5eaf-1af1-4b09-af75-c49a691cae43&#8243; global_colors_info=&#8221;{}&#8221;]<\/p>\n<h2>Declaration on accessibility<\/h2>\n<p>[\/et_pb_text][et_pb_text _builder_version=&#8221;4.27.4&#8243; _module_preset=&#8221;1753b941-c621-441e-9826-a3caf1458c58&#8243; global_colors_info=&#8221;{}&#8221;]<\/p>\n<h3>ALPINE LUXURY HOTEL, GOURMET &amp; SPA<br \/>Hotel Post****s &amp; Postschl\u00f6ssl<\/h3>\n<p>[\/et_pb_text][\/et_pb_column][et_pb_column type=&#8221;1_2&#8243; _builder_version=&#8221;4.16&#8243; _module_preset=&#8221;default&#8221; global_colors_info=&#8221;{}&#8221;][et_pb_text _builder_version=&#8221;4.27.5&#8243; _module_preset=&#8221;default&#8221; global_colors_info=&#8221;{}&#8221;]<\/p>\n<p><strong>Hotel Post Lermoos KG<\/strong><br \/>Kirchplatz 6<br \/>6631 Lermoos<br \/>Austria<br \/>Tel: +43 5673 2281-0<br \/>E-Mail: <a href=\"mailto:hotel@post-lermoos.at\" target=\"_blank\" rel=\"noopener\" title=\"Send message by e-mail\">hotel@post-lermoos.at<\/a><\/p>\n<p>[\/et_pb_text][\/et_pb_column][\/et_pb_row][et_pb_row _builder_version=&#8221;4.16&#8243; _module_preset=&#8221;4bf8f618-74fe-4547-81e7-a70309dd37b7&#8243; global_colors_info=&#8221;{}&#8221;][et_pb_column type=&#8221;4_4&#8243; _builder_version=&#8221;4.16&#8243; _module_preset=&#8221;default&#8221; global_colors_info=&#8221;{}&#8221;][et_pb_text _builder_version=&#8221;4.27.5&#8243; _module_preset=&#8221;default&#8221; global_colors_info=&#8221;{}&#8221;]<\/p>\n<p>We, Hotel Post Lermoos KG, endeavor to make our website accessible in accordance with the national legislation implementing the European Accessibility Directive (Directive 2019\/882).<br \/>The Accessibility Act (BaFG) as amended and the Web Content Accessibility Guidelines (WCAG 2.2) were complied with as far as possible.<br \/>This accessibility statement applies to the website <a href=\"http:\/\/www.post-lermoos.at\">www.post-lermoos.at<\/a>.<\/p>\n<h3>STATUS OF COMPATIBILITY WITH THE REQUIREMENTS<\/h3>\n<p>This website is only partially compliant with conformance level AA of the &#8220;Web Content Accessibility Guidelines Web &#8211; WCAG 2.2&#8221; due to the following incompatibilities.<\/p>\n<h3>NON-ACCESSIBLE CONTENT<\/h3>\n<p>The content listed below is not barrier-free for the following reasons:<\/p>\n<h4>Incompatibility with accessibility regulations:<\/h4>\n<p>Some images and graphics still have inadequate or missing alternative text. The success criterion &#8220;non-textual content&#8221; is therefore violated. We endeavor to provide appropriate alternative texts for new content immediately and to revise older content on an ongoing basis. The deficiencies in the following success criteria will be rectified by our content team and our technical department in the next development cycles:   <\/p>\n<ul>\n<li>Insufficient contrast ratio of the navigation (transparent top bar)<\/li>\n<li>Icons and social media links without text content<\/li>\n<li>Lack of skip links<\/li>\n<li>Inadequate implementation of keyboard navigation<\/li>\n<li>Insufficient legibility of texts on background images<\/li>\n<li>Missing alternative texts for images<\/li>\n<li>Incomplete semantic labeling of form fields<\/li>\n<li>Restrictions on keyboard operability in the booking process<\/li>\n<\/ul>\n<h4>Content from third parties \/ external services<\/h4>\n<p>The online booking function is provided by an external service provider (HotelNetSolutions GmbH, OnePageBooking). As this content is technically loaded by a third party and provided on their servers, we have no direct influence on the full accessibility of the source code and the underlying programming (e.g. screen reader optimization or specific keyboard controls). <br \/>Our web pages are presented in accordance with current technical possibilities and standards. We have randomly checked the order in which elements in the main content are technically displayed. If you notice any problems with the realization of individual elements, please let us know.  <\/p>\n<h4>Disproportionate burden<\/h4>\n<p>Some of our videos do not have an audio description. This means that the WCAG success criterion (audio description recorded) is not met. We are of the opinion that correcting this would represent a disproportionate burden in terms of accessibility regulations. The video on the homepage, which is automatically played in the header, does not have audio and therefore does not require an audio description.   <\/p>\n<h3>PREPARATION OF THIS ACCESSIBILITY STATEMENT<\/h3>\n<p>This declaration was created on 12.02.2026. The assessment of the website&#8217;s compliance with the legal requirements was carried out in the form of a self-test in accordance with WCAG 2.2.<br \/>This declaration was last updated on 12.02.2026. <\/p>\n<h3>FEEDBACK AND CONTACT DETAILS<\/h3>\n<p>The offers and services on this website are constantly being improved, exchanged and expanded. Usability and accessibility are very important to us. If you notice any barriers that prevent you from using our website that are not described in this statement, please contact us via this email welcome@post-lermoos.at.  <\/p>\n<h4>Contact:<\/h4>\n<p>Hotel Post Lermoos KG<br \/>Kirchplatz 6<br \/>6631 Lermoos<br \/>Austria<br \/>Tel: +43 5673 2281-0<br \/>E-Mail: <a href=\"mailto:hotel@post-lermoos.at\" target=\"_blank\" rel=\"noopener\" title=\"Contact by e-mail\">hotel@post-lermoos.at<\/a><\/p>\n<h3>ENFORCEMENT PROCEEDINGS<\/h3>\n<p>If you are not satisfied with the answers from the above contact option, you can contact the <strong>Social Ministry Service<\/strong>. The Social Ministry Service (SMS) is the competent market surveillance authority for compliance with accessibility requirements for products and services in accordance with the Accessibility Act (BaFG). <\/p>\n<p>There is also the option of applying to the Social Ministry Service for a conciliation procedure in the event of discrimination due to a lack of accessibility.<\/p>\n<p>Further information and contact details can be found on the website of the Social Ministry Service at <a href=\"https:\/\/www.sozialministeriumservice.at\" target=\"_blank\" rel=\"noopener\">www.sozialministeriumservice.at<\/a>.<\/p>\n<p>&nbsp;<\/p>\n<p>[\/et_pb_text][\/et_pb_column][\/et_pb_row][\/et_pb_section]<\/p>\n","protected":false},"excerpt":{"rendered":"<p>\n\t\t\t\t<p class=\"rs-p-wp-fix\"><\/p>\n\t\t\t\t<sr7-module data-alias=\"hotel-post-Subpage\" data-id=\"10\" id=\"SR7_10_2\" class=\"rs-ov-hidden\" data-version=\"6.7.54\">\n\t\t\t\t\t<sr7-adjuster><\/sr7-adjuster>\n\t\t\t\t\t<sr7-content>\n\t\t\t\t\t\t<sr7-slide id=\"SR7_10_2-117STR1\" data-key=\"117STR1\">\n\t\t\t\t\t\t\t<h1 id=\"SR7_10_2-117STR1-2\" class=\"sr7-layer\"><span class=\"dwSliderHead dwSliderLine1\"><\/span><br \/><span class=\"dwSliderHead dwSliderLine2\"><\/span><\/h1>\n\t\t\t\t\t\t<\/sr7-slide>\n\t\t\t\t\t\t<sr7-slide id=\"SR7_10_2-180\" data-key=\"180\">\n\t\t\t\t\t\t<\/sr7-slide>\n\t\t\t\t\t<\/sr7-content>\n\t\t\t\t\t<image_lists style=\"display:none\">\n\t\t\t\t\t\t<img data-src=\"\/\/www.post-lermoos.at\/wp-content\/uploads\/layout\/header\/start\/post_lermoos_0118-3321-scaled.jpg\" data-libid=\"9063\" data-lib=\"medialibrary\" alt=\"Dampfender Pool vor Haus im Winter\" title=\"post_lermoos_0118-3321\" width=\"0\" height=\"0\" data-dbsrc=\"Ly93d3cucG9zdC1sZXJtb29zLmF0L3dwLWNvbnRlbnQvdXBsb2Fkcy9sYXlvdXQvaGVhZGVyL3N0YXJ0L3Bvc3RfbGVybW9vc18wMTE4LTMzMjEtc2NhbGVkLmpwZw==\"\/>\n\t\t\t\t\t\t<img data-src=\"\/\/dev.post-lermoos.at\/wp-content\/uploads\/bilder\/bildergalerie\/hotelpool-mit-gartenblick-scaled.jpg\" width=\"0\" height=\"0\" data-dbsrc=\"Ly9kZXYucG9zdC1sZXJtb29zLmF0L3dwLWNvbnRlbnQvdXBsb2Fkcy9iaWxkZXIvYmlsZGVyZ2FsZXJpZS9ob3RlbHBvb2wtbWl0LWdhcnRlbmJsaWNrLXNjYWxlZC5qcGc=\"\/>\n\t\t\t\t\t<\/image_lists>\n\t\t\t\t<\/sr7-module>\n\t\t\t\t<script>\n\t\t\t\t\twindow.SR7 ??={};SR7.PMH ??={}; SR7.PMH[\"SR7_10_2\"] = {cn:100,state:false,fn: function() { if (window._tpt!==undefined && window._tpt.prepareModuleHeight !== undefined) {  _tpt.prepareModuleHeight({id:\"SR7_10_2\",el:[900,900,900,900,720],type:'hero',shdw:'0',gh:[900,900,900,900,720],gw:[1240,1240,1240,1240,480],vpt:['-200px&#039;,&#039;-200px&#039;,&#039;-200px&#039;,&#039;-200px&#039;,&#039;-200px'],size:{fullWidth:true, fullHeight:true},fho:'',mh:'0',onh:0,onw:0,bg:{color:'{\"orig\":\"transparent\",\"type\":\"solid\",\"string\":\"transparent\"}'}});   SR7.PMH[\"SR7_10_2\"].state=true;} else if(SR7.PMH[\"SR7_10_2\"].cn-->0)\tsetTimeout( SR7.PMH[\"SR7_10_2\"].fn,19);}};SR7.PMH[\"SR7_10_2\" ].fn();\n\t\t\t\t<\/script>\nDeclaration on accessibilityALPINE LUXURY HOTEL, GOURMET &amp; SPAHotel Post****s &amp; Postschl\u00f6sslHotel Post Lermoos KGKirchplatz 66631 LermoosAustriaTel: +43 5673 2281-0E-Mail: hotel@post-lermoos.atWe, Hotel Post Lermoos KG, endeavor to make our website accessible in accordance with the national legislation implementing the European Accessibility Directive (Directive 2019\/882).The Accessibility Act (BaFG) as amended and the Web Content Accessibility Guidelines [&hellip;]<\/p>\n","protected":false},"author":7,"featured_media":13509,"parent":0,"menu_order":125,"comment_status":"closed","ping_status":"closed","template":"","meta":{"_acf_changed":false,"_et_pb_use_builder":"on","_et_pb_old_content":"","_et_gb_content_width":"","inline_featured_image":false,"footnotes":""},"class_list":["post-29501","page","type-page","status-publish","has-post-thumbnail","hentry"],"acf":[],"yoast_head":"<!-- This site is optimized with the Yoast SEO plugin v27.5 - https:\/\/yoast.com\/product\/yoast-seo-wordpress\/ -->\n<title>Declaration of accessibility - Hotel Post 4*s<\/title>\n<meta name=\"description\" content=\"Declaration on accessibility\" \/>\n<meta name=\"robots\" content=\"index, follow, max-snippet:-1, max-image-preview:large, max-video-preview:-1\" \/>\n<link rel=\"canonical\" href=\"https:\/\/dev.post-lermoos.at\/en\/declaration-of-accessibility\/\" \/>\n<meta property=\"og:locale\" content=\"en_US\" \/>\n<meta property=\"og:type\" content=\"article\" \/>\n<meta property=\"og:title\" content=\"Declaration of accessibility - Hotel Post 4*s\" \/>\n<meta property=\"og:description\" content=\"Declaration on accessibility\" \/>\n<meta property=\"og:url\" content=\"https:\/\/dev.post-lermoos.at\/en\/declaration-of-accessibility\/\" \/>\n<meta property=\"og:site_name\" content=\"Hotel Post 4*s\" \/>\n<meta property=\"article:publisher\" content=\"https:\/\/www.facebook.com\/hotelpost.lermoos\" \/>\n<meta property=\"article:modified_time\" content=\"2026-02-26T08:09:49+00:00\" \/>\n<meta property=\"og:image\" content=\"https:\/\/dev.post-lermoos.at\/wp-content\/uploads\/bilder\/bildergalerie\/hotelpool-mit-gartenblick-scaled.jpg\" \/>\n\t<meta property=\"og:image:width\" content=\"2560\" \/>\n\t<meta property=\"og:image:height\" content=\"1707\" \/>\n\t<meta property=\"og:image:type\" content=\"image\/jpeg\" \/>\n<meta name=\"twitter:label1\" content=\"Est. reading time\" \/>\n\t<meta name=\"twitter:data1\" content=\"4 minutes\" \/>\n<!-- \/ Yoast SEO plugin. -->","yoast_head_json":{"title":"Declaration of accessibility - Hotel Post 4*s","description":"Declaration on accessibility","robots":{"index":"index","follow":"follow","max-snippet":"max-snippet:-1","max-image-preview":"max-image-preview:large","max-video-preview":"max-video-preview:-1"},"canonical":"https:\/\/dev.post-lermoos.at\/en\/declaration-of-accessibility\/","og_locale":"en_US","og_type":"article","og_title":"Declaration of accessibility - Hotel Post 4*s","og_description":"Declaration on accessibility","og_url":"https:\/\/dev.post-lermoos.at\/en\/declaration-of-accessibility\/","og_site_name":"Hotel Post 4*s","article_publisher":"https:\/\/www.facebook.com\/hotelpost.lermoos","article_modified_time":"2026-02-26T08:09:49+00:00","og_image":[{"width":2560,"height":1707,"url":"https:\/\/dev.post-lermoos.at\/wp-content\/uploads\/bilder\/bildergalerie\/hotelpool-mit-gartenblick-scaled.jpg","type":"image\/jpeg"}],"twitter_misc":{"Est. reading time":"4 minutes"},"schema":{"@context":"https:\/\/schema.org","@graph":[{"@type":"WebPage","@id":"https:\/\/dev.post-lermoos.at\/en\/declaration-of-accessibility\/","url":"https:\/\/dev.post-lermoos.at\/en\/declaration-of-accessibility\/","name":"Declaration of accessibility - Hotel Post 4*s","isPartOf":{"@id":"https:\/\/dev.post-lermoos.at\/en\/#website"},"primaryImageOfPage":{"@id":"https:\/\/dev.post-lermoos.at\/en\/declaration-of-accessibility\/#primaryimage"},"image":{"@id":"https:\/\/dev.post-lermoos.at\/en\/declaration-of-accessibility\/#primaryimage"},"thumbnailUrl":"https:\/\/dev.post-lermoos.at\/wp-content\/uploads\/bilder\/bildergalerie\/hotelpool-mit-gartenblick-scaled.jpg","datePublished":"2026-02-26T08:09:46+00:00","dateModified":"2026-02-26T08:09:49+00:00","description":"Declaration on accessibility","breadcrumb":{"@id":"https:\/\/dev.post-lermoos.at\/en\/declaration-of-accessibility\/#breadcrumb"},"inLanguage":"en-US","potentialAction":[{"@type":"ReadAction","target":["https:\/\/dev.post-lermoos.at\/en\/declaration-of-accessibility\/"]}]},{"@type":"ImageObject","inLanguage":"en-US","@id":"https:\/\/dev.post-lermoos.at\/en\/declaration-of-accessibility\/#primaryimage","url":"https:\/\/dev.post-lermoos.at\/wp-content\/uploads\/bilder\/bildergalerie\/hotelpool-mit-gartenblick-scaled.jpg","contentUrl":"https:\/\/dev.post-lermoos.at\/wp-content\/uploads\/bilder\/bildergalerie\/hotelpool-mit-gartenblick-scaled.jpg","width":2560,"height":1707,"caption":"Das Foto darf ausschlie\u00dflich f\u00fcr PR- und Marketingma\u00dfnahmen der Hotels POST &amp; POSTSCHLOESSL - Kirchplatz 6 - 6631 Lermoos \u2013 Tirol\/Austria r\u00e4umlich und zeitlich unbegrenzt verwendet werden. Das Copyright verbleibt beim Bildautor G\u00fcnter Standl (www.guenterstandl.de). Jegliche Nutzung Dritter ist mit dem Bildautor gesondert zu vereinbaren. Der Bildautor stellt das gelieferte Bildmaterial nicht von Rechten Dritter frei. Etwaige Anspr\u00fcche Dritter fallen in den Verantwortungsbereich des Bildnutzers."},{"@type":"BreadcrumbList","@id":"https:\/\/dev.post-lermoos.at\/en\/declaration-of-accessibility\/#breadcrumb","itemListElement":[{"@type":"ListItem","position":1,"name":"Home","item":"https:\/\/dev.post-lermoos.at\/en\/"},{"@type":"ListItem","position":2,"name":"Declaration of accessibility"}]},{"@type":"WebSite","@id":"https:\/\/dev.post-lermoos.at\/en\/#website","url":"https:\/\/dev.post-lermoos.at\/en\/","name":"Hotel Post 4*s","description":"Alpine Luxury Gourmet &amp; SPA Post 4*s","publisher":{"@id":"https:\/\/dev.post-lermoos.at\/en\/#organization"},"potentialAction":[{"@type":"SearchAction","target":{"@type":"EntryPoint","urlTemplate":"https:\/\/dev.post-lermoos.at\/en\/?s={search_term_string}"},"query-input":{"@type":"PropertyValueSpecification","valueRequired":true,"valueName":"search_term_string"}}],"inLanguage":"en-US"},{"@type":"Organization","@id":"https:\/\/dev.post-lermoos.at\/en\/#organization","name":"ALPINE LUXURY HOTEL, GOURMET & SPA HOTEL POST****S & POSTSCHL\u00d6SSL","url":"https:\/\/dev.post-lermoos.at\/en\/","logo":{"@type":"ImageObject","inLanguage":"en-US","@id":"https:\/\/dev.post-lermoos.at\/en\/#\/schema\/logo\/image\/","url":"https:\/\/www.post-lermoos.at\/wp-content\/uploads\/layout\/icons\/logo.svg","contentUrl":"https:\/\/www.post-lermoos.at\/wp-content\/uploads\/layout\/icons\/logo.svg","width":"1024","height":"1024","caption":"ALPINE LUXURY HOTEL, GOURMET & SPA HOTEL POST****S & POSTSCHL\u00d6SSL"},"image":{"@id":"https:\/\/dev.post-lermoos.at\/en\/#\/schema\/logo\/image\/"},"sameAs":["https:\/\/www.facebook.com\/hotelpost.lermoos","https:\/\/instagram.com\/hotelpostlermoos"]}]}},"_links":{"self":[{"href":"https:\/\/dev.post-lermoos.at\/en\/wp-json\/wp\/v2\/pages\/29501","targetHints":{"allow":["GET"]}}],"collection":[{"href":"https:\/\/dev.post-lermoos.at\/en\/wp-json\/wp\/v2\/pages"}],"about":[{"href":"https:\/\/dev.post-lermoos.at\/en\/wp-json\/wp\/v2\/types\/page"}],"author":[{"embeddable":true,"href":"https:\/\/dev.post-lermoos.at\/en\/wp-json\/wp\/v2\/users\/7"}],"replies":[{"embeddable":true,"href":"https:\/\/dev.post-lermoos.at\/en\/wp-json\/wp\/v2\/comments?post=29501"}],"version-history":[{"count":3,"href":"https:\/\/dev.post-lermoos.at\/en\/wp-json\/wp\/v2\/pages\/29501\/revisions"}],"predecessor-version":[{"id":29504,"href":"https:\/\/dev.post-lermoos.at\/en\/wp-json\/wp\/v2\/pages\/29501\/revisions\/29504"}],"wp:featuredmedia":[{"embeddable":true,"href":"https:\/\/dev.post-lermoos.at\/en\/wp-json\/wp\/v2\/media\/13509"}],"wp:attachment":[{"href":"https:\/\/dev.post-lermoos.at\/en\/wp-json\/wp\/v2\/media?parent=29501"}],"curies":[{"name":"wp","href":"https:\/\/api.w.org\/{rel}","templated":true}]}}